{"id":3539,"date":"2021-12-06T17:08:29","date_gmt":"2021-12-06T17:08:29","guid":{"rendered":"https:\/\/dsptech.com\/qui-sommes-nous\/"},"modified":"2021-12-06T17:08:32","modified_gmt":"2021-12-06T17:08:32","slug":"qui-sommes-nous","status":"publish","type":"page","link":"https:\/\/dsptech.com\/fr\/qui-sommes-nous\/","title":{"rendered":"Qui sommes-nous"},"content":{"rendered":"<p>[et_pb_section fb_built=\u00a0\u00bb1&Prime; admin_label=\u00a0\u00bbsection\u00a0\u00bb _builder_version=\u00a0\u00bb4.7.1&Prime; use_background_color_gradient=\u00a0\u00bbon\u00a0\u00bb background_color_gradient_start=\u00a0\u00bbrgba(0,0,0,0.5)\u00a0\u00bb background_color_gradient_end=\u00a0\u00bbrgba(0,0,0,0.5)\u00a0\u00bb background_color_gradient_overlays_image=\u00a0\u00bbon\u00a0\u00bb background_image=\u00a0\u00bbhttps:\/\/dsptech.com\/wp-content\/uploads\/2020\/11\/simultaneous-interpretation-1.jpg\u00a0\u00bb custom_padding=\u00a0\u00bb215px||50px||false|false\u00a0\u00bb hover_enabled=\u00a0\u00bb0&Prime; locked=\u00a0\u00bboff\u00a0\u00bb custom_padding_last_edited=\u00a0\u00bbon|phone\u00a0\u00bb custom_padding_phone=\u00a0\u00bb30px||30px||true|false\u00a0\u00bb sticky_enabled=\u00a0\u00bb0&Prime;][et_pb_row admin_label=\u00a0\u00bbLigne\u00a0\u00bb _builder_version=\u00a0\u00bb4.7.1&Prime; background_size=\u00a0\u00bbinitial\u00a0\u00bb background_position=\u00a0\u00bbtop_left\u00a0\u00bb background_repeat=\u00a0\u00bbrepeat\u00a0\u00bb width=\u00a0\u00bb85%\u00a0\u00bb max_width=\u00a0\u00bb1170px\u00a0\u00bb][et_pb_column type=\u00a0\u00bb4_4&Prime; _builder_version=\u00a0\u00bb3.25&Prime; custom_padding=\u00a0\u00bb|||\u00a0\u00bb custom_padding__hover=\u00a0\u00bb|||\u00a0\u00bb][et_pb_text _builder_version=\u00a0\u00bb4.7.1&Prime; _module_preset=\u00a0\u00bbdefault\u00a0\u00bb header_font=\u00a0\u00bb|700|||||||\u00a0\u00bb header_text_align=\u00a0\u00bbleft\u00a0\u00bb header_text_color=\u00a0\u00bb#398fdb\u00a0\u00bb header_font_size=\u00a0\u00bb46px\u00a0\u00bb header_line_height=\u00a0\u00bb40px\u00a0\u00bb background_enable_color=\u00a0\u00bboff\u00a0\u00bb text_orientation=\u00a0\u00bbcenter\u00a0\u00bb background_layout=\u00a0\u00bbdark\u00a0\u00bb module_alignment=\u00a0\u00bbcenter\u00a0\u00bb custom_padding=\u00a0\u00bb10px||6px||false|false\u00a0\u00bb border_radii=\u00a0\u00bboff|5px||5px|\u00a0\u00bb]<\/p>\n<h1><span>APPELEZ-NOUS AU 1-888-883-7173  <\/span><\/h1>\n<p>[\/et_pb_text][et_pb_text _builder_version=\u00a0\u00bb4.7.1&Prime; _module_preset=\u00a0\u00bbdefault\u00a0\u00bb header_text_color=\u00a0\u00bb#1e73be\u00a0\u00bb header_2_text_align=\u00a0\u00bbleft\u00a0\u00bb header_2_font_size=\u00a0\u00bb34px\u00a0\u00bb header_2_line_height=\u00a0\u00bb40px\u00a0\u00bb text_orientation=\u00a0\u00bbcenter\u00a0\u00bb background_layout=\u00a0\u00bbdark\u00a0\u00bb]<\/p>\n<h2><span>\u00c9QUIPEMENT D\u2019INTERPR\u00c9TATION ET FOURNISSEUR DE SERVICES  <\/span><\/h2>\n<p>[\/et_pb_text][\/et_pb_column][\/et_pb_row][\/et_pb_section][et_pb_section fb_built=\u00a0\u00bb1&Prime; _builder_version=\u00a0\u00bb4.7.1&Prime; _module_preset=\u00a0\u00bbdefault\u00a0\u00bb background_enable_color=\u00a0\u00bboff\u00a0\u00bb custom_margin=\u00a0\u00bb||||true|false\u00a0\u00bb custom_padding=\u00a0\u00bb||||true|false\u00a0\u00bb][et_pb_row use_custom_gutter=\u00a0\u00bbon\u00a0\u00bb gutter_width=\u00a0\u00bb2&Prime; make_equal=\u00a0\u00bbon\u00a0\u00bb _builder_version=\u00a0\u00bb4.7.1&Prime; _module_preset=\u00a0\u00bbdefault\u00a0\u00bb width=\u00a0\u00bb85%\u00a0\u00bb max_width=\u00a0\u00bb1170px\u00a0\u00bb custom_margin=\u00a0\u00bb||||false|false\u00a0\u00bb custom_padding=\u00a0\u00bb||||true|false\u00a0\u00bb][et_pb_column type=\u00a0\u00bb4_4&Prime; _builder_version=\u00a0\u00bb4.7.1&Prime; _module_preset=\u00a0\u00bbdefault\u00a0\u00bb][et_pb_text _builder_version=\u00a0\u00bb4.7.1&Prime; _module_preset=\u00a0\u00bbdefault\u00a0\u00bb text_font=\u00a0\u00bbRajdhani||||||||\u00a0\u00bb header_font=\u00a0\u00bbLato|900|||||||\u00a0\u00bb header_text_align=\u00a0\u00bbcenter\u00a0\u00bb header_font_size=\u00a0\u00bb38px\u00a0\u00bb header_3_font=\u00a0\u00bbLato||||||||\u00a0\u00bb header_3_text_align=\u00a0\u00bbcenter\u00a0\u00bb header_3_text_color=\u00a0\u00bb#333333&Prime; header_3_font_size=\u00a0\u00bb28px\u00a0\u00bb header_3_line_height=\u00a0\u00bb1.5em\u00a0\u00bb background_color=\u00a0\u00bb#bce5ee66&Prime; width=\u00a0\u00bb300px\u00a0\u00bb module_alignment=\u00a0\u00bbcenter\u00a0\u00bb custom_margin=\u00a0\u00bb||||false|false\u00a0\u00bb custom_padding=\u00a0\u00bb0.8em|1.5em|0.2em|1.5em|false|true\u00a0\u00bb border_radii=\u00a0\u00bbon|35px|35px|35px|35px\u00a0\u00bb border_width_top=\u00a0\u00bb1px\u00a0\u00bb border_color_top=\u00a0\u00bb#00ffe7&Prime; border_width_bottom=\u00a0\u00bb1px\u00a0\u00bb border_color_bottom=\u00a0\u00bb#005fd4&Prime;]<\/p>\n<h3>QUI NOUS SOMMES<\/h3>\n<p>[\/et_pb_text][et_pb_text _builder_version=\u00a0\u00bb4.7.1&Prime; _module_preset=\u00a0\u00bbdefault\u00a0\u00bb text_font=\u00a0\u00bbArial||||||||\u00a0\u00bb text_text_color=\u00a0\u00bb#444444&Prime; text_line_height=\u00a0\u00bb20px\u00a0\u00bb text_orientation=\u00a0\u00bbjustified\u00a0\u00bb]<\/p>\n<p><b>DIGI-SAT PLUS TECHNOLOGIES<\/b><span> <\/span>s\u2019efforce de fournir des produits \u00e9lectroniques et audio professionnels de la plus haute qualit\u00e9 \u00e0 l\u2019industrie des conf\u00e9rences et des interpr\u00e9tations. Nous visons \u00e0 donner \u00e0 nos clients une valeur extraordinaire avec un point de tarification qui rend l\u2019audio professionnel et l\u2019\u00e9quipement de r\u00e9ception abordable pour l\u2019industrie. Avec plus de 25 ans d\u2019exp\u00e9rience dans l\u2019\u00e9lectronique, l\u2019entretien, la radio et l\u2019industrie des communications, notre PDG Vito Ricci, a vu la n\u00e9cessit\u00e9 de fournir des produits de meilleure qualit\u00e9 pour moins cher.<\/p>\n<p>En \u00e9troite collaboration avec des professionnels de premier plan de l\u2019industrie de l\u2019industrie des services de conf\u00e9rence et d\u2019interpr\u00e9tation, nous avons pu d\u00e9velopper un r\u00e9cepteur FM plus simple, fiable et abordable con\u00e7u exactement pour leurs besoins. Nous avons \u00e9cout\u00e9 et livr\u00e9 un produit qui a \u00e9t\u00e9 rapidement accept\u00e9 comme l\u2019un des r\u00e9cepteurs de haute performance les plus faciles \u00e0 utiliser sur le march\u00e9 aujourd\u2019hui.<\/p>\n<p>[\/et_pb_text][\/et_pb_column][\/et_pb_row][\/et_pb_section]<\/p>\n","protected":false},"excerpt":{"rendered":"<p>APPELEZ-NOUS AU 1-888-883-7173 \u00c9QUIPEMENT D\u2019INTERPR\u00c9TATION ET FOURNISSEUR DE SERVICES QUI NOUS SOMMESDIGI-SAT PLUS TECHNOLOGIES s\u2019efforce de fournir des produits \u00e9lectroniques et audio professionnels de la plus haute qualit\u00e9 \u00e0 l\u2019industrie des conf\u00e9rences et des interpr\u00e9tations. Nous visons \u00e0 donner \u00e0 nos clients une valeur extraordinaire avec un point de tarification qui rend l\u2019audio professionnel et [&hellip;]<\/p>\n","protected":false},"author":1,"featured_media":0,"parent":0,"menu_order":1,"comment_status":"closed","ping_status":"closed","template":"","meta":{"_et_pb_use_builder":"on","_et_pb_old_content":"","_et_gb_content_width":"","footnotes":""},"class_list":["post-3539","page","type-page","status-publish","hentry"],"yoast_head":"<!-- This site is optimized with the Yoast SEO plugin v27.5 - https:\/\/yoast.com\/product\/yoast-seo-wordpress\/ -->\n<title>Qui sommes-nous - DSPTECH<\/title>\n<meta name=\"description\" content=\"APPELEZ-NOUS AU 1-888-883-7173 \u00c9QUIPEMENT D\u2019INTERPR\u00c9TATION ET FOURNISSEUR DE SERVICES QUI NOUS SOMMES DIGI-SAT PLUS TECHNOLOGIES s\u2019efforce de fournir des produits \u00e9lectroniques et audio professionnels de la plus haute qualit\u00e9 \u00e0 l\u2019industrie\" \/>\n<meta name=\"robots\" content=\"index, follow, max-snippet:-1, max-image-preview:large, max-video-preview:-1\" \/>\n<link rel=\"canonical\" href=\"https:\/\/dsptech.com\/fr\/qui-sommes-nous\/\" \/>\n<meta property=\"og:locale\" content=\"fr_CA\" \/>\n<meta property=\"og:type\" content=\"article\" \/>\n<meta property=\"og:title\" content=\"Qui sommes-nous - DSPTECH\" \/>\n<meta property=\"og:url\" content=\"https:\/\/dsptech.com\/fr\/qui-sommes-nous\/\" \/>\n<meta property=\"og:site_name\" content=\"DSPTECH\" \/>\n<meta property=\"article:modified_time\" content=\"2021-12-06T17:08:32+00:00\" \/>\n<meta name=\"twitter:card\" content=\"summary_large_image\" \/>\n<meta name=\"twitter:label1\" content=\"Estimation du temps de lecture\" \/>\n\t<meta name=\"twitter:data1\" content=\"3 minutes\" \/>\n<script type=\"application\/ld+json\" class=\"yoast-schema-graph\">{\"@context\":\"https:\\\/\\\/schema.org\",\"@graph\":[{\"@type\":\"WebPage\",\"@id\":\"https:\\\/\\\/dsptech.com\\\/fr\\\/qui-sommes-nous\\\/\",\"url\":\"https:\\\/\\\/dsptech.com\\\/fr\\\/qui-sommes-nous\\\/\",\"name\":\"Qui sommes-nous - DSPTECH\",\"isPartOf\":{\"@id\":\"https:\\\/\\\/dsptech.com\\\/#website\"},\"datePublished\":\"2021-12-06T17:08:29+00:00\",\"dateModified\":\"2021-12-06T17:08:32+00:00\",\"breadcrumb\":{\"@id\":\"https:\\\/\\\/dsptech.com\\\/fr\\\/qui-sommes-nous\\\/#breadcrumb\"},\"inLanguage\":\"fr-CA\",\"potentialAction\":[{\"@type\":\"ReadAction\",\"target\":[\"https:\\\/\\\/dsptech.com\\\/fr\\\/qui-sommes-nous\\\/\"]}]},{\"@type\":\"BreadcrumbList\",\"@id\":\"https:\\\/\\\/dsptech.com\\\/fr\\\/qui-sommes-nous\\\/#breadcrumb\",\"itemListElement\":[{\"@type\":\"ListItem\",\"position\":1,\"name\":\"Home\",\"item\":\"https:\\\/\\\/dsptech.com\\\/\"},{\"@type\":\"ListItem\",\"position\":2,\"name\":\"Qui sommes-nous\"}]},{\"@type\":\"WebSite\",\"@id\":\"https:\\\/\\\/dsptech.com\\\/#website\",\"url\":\"https:\\\/\\\/dsptech.com\\\/\",\"name\":\"DSPTECH\",\"description\":\"Simultaneous Interpretations, Translation Equipment Systems\",\"potentialAction\":[{\"@type\":\"SearchAction\",\"target\":{\"@type\":\"EntryPoint\",\"urlTemplate\":\"https:\\\/\\\/dsptech.com\\\/?s={search_term_string}\"},\"query-input\":{\"@type\":\"PropertyValueSpecification\",\"valueRequired\":true,\"valueName\":\"search_term_string\"}}],\"inLanguage\":\"fr-CA\"}]}<\/script>\n<!-- \/ Yoast SEO plugin. -->","yoast_head_json":{"title":"Qui sommes-nous - DSPTECH","description":"APPELEZ-NOUS AU 1-888-883-7173 \u00c9QUIPEMENT D\u2019INTERPR\u00c9TATION ET FOURNISSEUR DE SERVICES QUI NOUS SOMMES DIGI-SAT PLUS TECHNOLOGIES s\u2019efforce de fournir des produits \u00e9lectroniques et audio professionnels de la plus haute qualit\u00e9 \u00e0 l\u2019industrie","robots":{"index":"index","follow":"follow","max-snippet":"max-snippet:-1","max-image-preview":"max-image-preview:large","max-video-preview":"max-video-preview:-1"},"canonical":"https:\/\/dsptech.com\/fr\/qui-sommes-nous\/","og_locale":"fr_CA","og_type":"article","og_title":"Qui sommes-nous - DSPTECH","og_url":"https:\/\/dsptech.com\/fr\/qui-sommes-nous\/","og_site_name":"DSPTECH","article_modified_time":"2021-12-06T17:08:32+00:00","twitter_card":"summary_large_image","twitter_misc":{"Estimation du temps de lecture":"3 minutes"},"schema":{"@context":"https:\/\/schema.org","@graph":[{"@type":"WebPage","@id":"https:\/\/dsptech.com\/fr\/qui-sommes-nous\/","url":"https:\/\/dsptech.com\/fr\/qui-sommes-nous\/","name":"Qui sommes-nous - DSPTECH","isPartOf":{"@id":"https:\/\/dsptech.com\/#website"},"datePublished":"2021-12-06T17:08:29+00:00","dateModified":"2021-12-06T17:08:32+00:00","breadcrumb":{"@id":"https:\/\/dsptech.com\/fr\/qui-sommes-nous\/#breadcrumb"},"inLanguage":"fr-CA","potentialAction":[{"@type":"ReadAction","target":["https:\/\/dsptech.com\/fr\/qui-sommes-nous\/"]}]},{"@type":"BreadcrumbList","@id":"https:\/\/dsptech.com\/fr\/qui-sommes-nous\/#breadcrumb","itemListElement":[{"@type":"ListItem","position":1,"name":"Home","item":"https:\/\/dsptech.com\/"},{"@type":"ListItem","position":2,"name":"Qui sommes-nous"}]},{"@type":"WebSite","@id":"https:\/\/dsptech.com\/#website","url":"https:\/\/dsptech.com\/","name":"DSPTECH","description":"Simultaneous Interpretations, Translation Equipment Systems","potentialAction":[{"@type":"SearchAction","target":{"@type":"EntryPoint","urlTemplate":"https:\/\/dsptech.com\/?s={search_term_string}"},"query-input":{"@type":"PropertyValueSpecification","valueRequired":true,"valueName":"search_term_string"}}],"inLanguage":"fr-CA"}]}},"_links":{"self":[{"href":"https:\/\/dsptech.com\/fr\/wp-json\/wp\/v2\/pages\/3539","targetHints":{"allow":["GET"]}}],"collection":[{"href":"https:\/\/dsptech.com\/fr\/wp-json\/wp\/v2\/pages"}],"about":[{"href":"https:\/\/dsptech.com\/fr\/wp-json\/wp\/v2\/types\/page"}],"author":[{"embeddable":true,"href":"https:\/\/dsptech.com\/fr\/wp-json\/wp\/v2\/users\/1"}],"replies":[{"embeddable":true,"href":"https:\/\/dsptech.com\/fr\/wp-json\/wp\/v2\/comments?post=3539"}],"version-history":[{"count":4,"href":"https:\/\/dsptech.com\/fr\/wp-json\/wp\/v2\/pages\/3539\/revisions"}],"predecessor-version":[{"id":3550,"href":"https:\/\/dsptech.com\/fr\/wp-json\/wp\/v2\/pages\/3539\/revisions\/3550"}],"wp:attachment":[{"href":"https:\/\/dsptech.com\/fr\/wp-json\/wp\/v2\/media?parent=3539"}],"curies":[{"name":"wp","href":"https:\/\/api.w.org\/{rel}","templated":true}]}}