{"id":3657,"date":"2021-12-06T17:08:58","date_gmt":"2021-12-06T17:08:58","guid":{"rendered":"https:\/\/dsptech.com\/technicien-sur-place\/"},"modified":"2022-03-23T13:17:09","modified_gmt":"2022-03-23T17:17:09","slug":"technicien-sur-place","status":"publish","type":"page","link":"https:\/\/dsptech.com\/fr\/technicien-sur-place\/","title":{"rendered":"Technicien sur place"},"content":{"rendered":"<p>[et_pb_section fb_built=\u00a0\u00bb1&Prime; custom_padding_last_edited=\u00a0\u00bbon|phone\u00a0\u00bb admin_label=\u00a0\u00bbsection\u00a0\u00bb _builder_version=\u00a0\u00bb4.7.1&Prime; background_image=\u00a0\u00bbhttps:\/\/dsptech.com\/wp-content\/uploads\/2020\/12\/onsite-1030&#215;412-1.png\u00a0\u00bb custom_padding=\u00a0\u00bb215px||||false|false\u00a0\u00bb custom_padding_tablet=\u00a0\u00bb\u00a0\u00bb custom_padding_phone=\u00a0\u00bb30px||30px||true|false\u00a0\u00bb locked=\u00a0\u00bboff\u00a0\u00bb global_colors_info=\u00a0\u00bb{}\u00a0\u00bb][et_pb_row admin_label=\u00a0\u00bbLigne\u00a0\u00bb _builder_version=\u00a0\u00bb4.7.1&Prime; background_size=\u00a0\u00bbinitial\u00a0\u00bb background_position=\u00a0\u00bbtop_left\u00a0\u00bb background_repeat=\u00a0\u00bbrepeat\u00a0\u00bb width=\u00a0\u00bb85%\u00a0\u00bb max_width=\u00a0\u00bb1170px\u00a0\u00bb global_colors_info=\u00a0\u00bb{}\u00a0\u00bb][et_pb_column type=\u00a0\u00bb4_4&Prime; _builder_version=\u00a0\u00bb3.25&Prime; custom_padding=\u00a0\u00bb|||\u00a0\u00bb global_colors_info=\u00a0\u00bb{}\u00a0\u00bb custom_padding__hover=\u00a0\u00bb|||\u00a0\u00bb][et_pb_text _builder_version=\u00a0\u00bb4.7.1&Prime; _module_preset=\u00a0\u00bbdefault\u00a0\u00bb header_font=\u00a0\u00bb|700|||||||\u00a0\u00bb header_text_color=\u00a0\u00bb#1b76c1&Prime; header_font_size=\u00a0\u00bb40px\u00a0\u00bb background_enable_color=\u00a0\u00bboff\u00a0\u00bb text_orientation=\u00a0\u00bbcenter\u00a0\u00bb background_layout=\u00a0\u00bbdark\u00a0\u00bb module_alignment=\u00a0\u00bbcenter\u00a0\u00bb custom_margin=\u00a0\u00bb5vw||||false|false\u00a0\u00bb custom_padding=\u00a0\u00bb||||false|false\u00a0\u00bb border_radii=\u00a0\u00bboff|5px||5px|\u00a0\u00bb global_colors_info=\u00a0\u00bb{}\u00a0\u00bb]<\/p>\n<h1><span>APPELEZ-NOUS AU 1-888-883-7173  <\/span><\/h1>\n<p>[\/et_pb_text][\/et_pb_column][\/et_pb_row][\/et_pb_section][et_pb_section fb_built=\u00a0\u00bb1&Prime; _builder_version=\u00a0\u00bb4.7.1&Prime; _module_preset=\u00a0\u00bbdefault\u00a0\u00bb background_enable_color=\u00a0\u00bboff\u00a0\u00bb custom_margin=\u00a0\u00bb||||true|false\u00a0\u00bb custom_padding=\u00a0\u00bb0px||||false|false\u00a0\u00bb global_colors_info=\u00a0\u00bb{}\u00a0\u00bb][et_pb_row use_custom_gutter=\u00a0\u00bbon\u00a0\u00bb gutter_width=\u00a0\u00bb2&Prime; make_equal=\u00a0\u00bbon\u00a0\u00bb _builder_version=\u00a0\u00bb4.7.1&Prime; _module_preset=\u00a0\u00bbdefault\u00a0\u00bb width=\u00a0\u00bb85%\u00a0\u00bb max_width=\u00a0\u00bb1170px\u00a0\u00bb custom_margin=\u00a0\u00bb||||false|false\u00a0\u00bb custom_padding=\u00a0\u00bb||||true|false\u00a0\u00bb global_colors_info=\u00a0\u00bb{}\u00a0\u00bb][et_pb_column type=\u00a0\u00bb4_4&Prime; _builder_version=\u00a0\u00bb4.7.1&Prime; _module_preset=\u00a0\u00bbdefault\u00a0\u00bb global_colors_info=\u00a0\u00bb{}\u00a0\u00bb][et_pb_text _builder_version=\u00a0\u00bb4.7.1&Prime; _module_preset=\u00a0\u00bbdefault\u00a0\u00bb text_font=\u00a0\u00bbRajdhani||||||||\u00a0\u00bb header_font=\u00a0\u00bbLato|900|||||||\u00a0\u00bb header_text_align=\u00a0\u00bbcenter\u00a0\u00bb header_font_size=\u00a0\u00bb38px\u00a0\u00bb header_3_font=\u00a0\u00bbLato||||||||\u00a0\u00bb header_3_text_color=\u00a0\u00bb#333&Prime; header_3_font_size=\u00a0\u00bb28px\u00a0\u00bb custom_margin=\u00a0\u00bb||||false|false\u00a0\u00bb global_colors_info=\u00a0\u00bb{}\u00a0\u00bb]<\/p>\n<h2>Votre technicien sur site Support pour les \u00e9v\u00e9nements<\/h2>\n<p>[\/et_pb_text][et_pb_text _builder_version=\u00a0\u00bb4.7.1&Prime; _module_preset=\u00a0\u00bbdefault\u00a0\u00bb text_font=\u00a0\u00bbArial||||||||\u00a0\u00bb text_text_color=\u00a0\u00bb#444&Prime; text_orientation=\u00a0\u00bbjustified\u00a0\u00bb global_colors_info=\u00a0\u00bb{}\u00a0\u00bb]<\/p>\n<p>Vous \u00eates \u00e0 la recherche d\u2019un technicien pour votre \u00e9v\u00e9nement ou de services audio vid\u00e9o suppl\u00e9mentaires ? Ou tout simplement besoin d\u2019une technologie pour configurer l\u2019\u00e9quipement, r\u00e9parer une installation, ou fournir un support technique sur place? Assistance technique sur site.<\/p>\n<p> <a href=\"https:\/\/dsptech.com\/contact\"><br \/>\n  <strong> <\/strong><br \/>\n  <strong>Contactez-nous<\/strong><br \/>\n<\/a><span> <\/span>d\u00e8s maintenant pour des tarifs extr\u00eamement comp\u00e9titifs et des services d\u2019experts fiables de techniciens et d\u2019ing\u00e9nieurs du son qualifi\u00e9s.<\/p>\n<p>DSPTECH est votre source de services et d\u2019\u00e9quipements d\u2019interpr\u00e9tation simultan\u00e9e de haute qualit\u00e9 !<\/p>\n<p>[\/et_pb_text][\/et_pb_column][\/et_pb_row][\/et_pb_section]<\/p>\n","protected":false},"excerpt":{"rendered":"<p>APPELEZ-NOUS AU 1-888-883-7173 Votre technicien sur site Support pour les \u00e9v\u00e9nementsVous \u00eates \u00e0 la recherche d\u2019un technicien pour votre \u00e9v\u00e9nement ou de services audio vid\u00e9o suppl\u00e9mentaires ? Ou tout simplement besoin d\u2019une technologie pour configurer l\u2019\u00e9quipement, r\u00e9parer une installation, ou fournir un support technique sur place? Assistance technique sur site. Contactez-nous d\u00e8s maintenant pour des [&hellip;]<\/p>\n","protected":false},"author":1,"featured_media":0,"parent":0,"menu_order":0,"comment_status":"closed","ping_status":"closed","template":"","meta":{"_et_pb_use_builder":"on","_et_pb_old_content":"","_et_gb_content_width":"","footnotes":""},"class_list":["post-3657","page","type-page","status-publish","hentry"],"yoast_head":"<!-- This site is optimized with the Yoast SEO plugin v27.4 - https:\/\/yoast.com\/product\/yoast-seo-wordpress\/ -->\n<title>Technicien sur place - DSPTECH<\/title>\n<meta name=\"description\" content=\"Votre technicien sur site Support pour les \u00e9v\u00e9nementsVous recherchez un technicien pour votre \u00e9v\u00e9nement ou des services audio vid\u00e9o suppl\u00e9mentaires ?\" \/>\n<meta name=\"robots\" content=\"index, follow, max-snippet:-1, max-image-preview:large, max-video-preview:-1\" \/>\n<link rel=\"canonical\" href=\"https:\/\/dsptech.com\/fr\/technicien-sur-place\/\" \/>\n<meta property=\"og:locale\" content=\"fr_CA\" \/>\n<meta property=\"og:type\" content=\"article\" \/>\n<meta property=\"og:title\" content=\"Technicien sur place - DSPTECH\" \/>\n<meta property=\"og:description\" content=\"Votre technicien sur site Support pour les \u00e9v\u00e9nementsVous recherchez un technicien pour votre \u00e9v\u00e9nement ou des services audio vid\u00e9o suppl\u00e9mentaires ?\" \/>\n<meta property=\"og:url\" content=\"https:\/\/dsptech.com\/fr\/technicien-sur-place\/\" \/>\n<meta property=\"og:site_name\" content=\"DSPTECH\" \/>\n<meta property=\"article:modified_time\" content=\"2022-03-23T17:17:09+00:00\" \/>\n<meta name=\"twitter:card\" content=\"summary_large_image\" \/>\n<meta name=\"twitter:label1\" content=\"Estimation du temps de lecture\" \/>\n\t<meta name=\"twitter:data1\" content=\"2 minutes\" \/>\n<script type=\"application\/ld+json\" class=\"yoast-schema-graph\">{\"@context\":\"https:\\\/\\\/schema.org\",\"@graph\":[{\"@type\":\"WebPage\",\"@id\":\"https:\\\/\\\/dsptech.com\\\/fr\\\/technicien-sur-place\\\/\",\"url\":\"https:\\\/\\\/dsptech.com\\\/fr\\\/technicien-sur-place\\\/\",\"name\":\"Technicien sur place - DSPTECH\",\"isPartOf\":{\"@id\":\"https:\\\/\\\/dsptech.com\\\/#website\"},\"datePublished\":\"2021-12-06T17:08:58+00:00\",\"dateModified\":\"2022-03-23T17:17:09+00:00\",\"description\":\"Votre technicien sur site Support pour les \u00e9v\u00e9nementsVous recherchez un technicien pour votre \u00e9v\u00e9nement ou des services audio vid\u00e9o suppl\u00e9mentaires ?\",\"breadcrumb\":{\"@id\":\"https:\\\/\\\/dsptech.com\\\/fr\\\/technicien-sur-place\\\/#breadcrumb\"},\"inLanguage\":\"fr-CA\",\"potentialAction\":[{\"@type\":\"ReadAction\",\"target\":[\"https:\\\/\\\/dsptech.com\\\/fr\\\/technicien-sur-place\\\/\"]}]},{\"@type\":\"BreadcrumbList\",\"@id\":\"https:\\\/\\\/dsptech.com\\\/fr\\\/technicien-sur-place\\\/#breadcrumb\",\"itemListElement\":[{\"@type\":\"ListItem\",\"position\":1,\"name\":\"Home\",\"item\":\"https:\\\/\\\/dsptech.com\\\/\"},{\"@type\":\"ListItem\",\"position\":2,\"name\":\"Technicien sur place\"}]},{\"@type\":\"WebSite\",\"@id\":\"https:\\\/\\\/dsptech.com\\\/#website\",\"url\":\"https:\\\/\\\/dsptech.com\\\/\",\"name\":\"DSPTECH\",\"description\":\"Simultaneous Interpretations, Translation Equipment Systems\",\"potentialAction\":[{\"@type\":\"SearchAction\",\"target\":{\"@type\":\"EntryPoint\",\"urlTemplate\":\"https:\\\/\\\/dsptech.com\\\/?s={search_term_string}\"},\"query-input\":{\"@type\":\"PropertyValueSpecification\",\"valueRequired\":true,\"valueName\":\"search_term_string\"}}],\"inLanguage\":\"fr-CA\"}]}<\/script>\n<!-- \/ Yoast SEO plugin. -->","yoast_head_json":{"title":"Technicien sur place - DSPTECH","description":"Votre technicien sur site Support pour les \u00e9v\u00e9nementsVous recherchez un technicien pour votre \u00e9v\u00e9nement ou des services audio vid\u00e9o suppl\u00e9mentaires ?","robots":{"index":"index","follow":"follow","max-snippet":"max-snippet:-1","max-image-preview":"max-image-preview:large","max-video-preview":"max-video-preview:-1"},"canonical":"https:\/\/dsptech.com\/fr\/technicien-sur-place\/","og_locale":"fr_CA","og_type":"article","og_title":"Technicien sur place - DSPTECH","og_description":"Votre technicien sur site Support pour les \u00e9v\u00e9nementsVous recherchez un technicien pour votre \u00e9v\u00e9nement ou des services audio vid\u00e9o suppl\u00e9mentaires ?","og_url":"https:\/\/dsptech.com\/fr\/technicien-sur-place\/","og_site_name":"DSPTECH","article_modified_time":"2022-03-23T17:17:09+00:00","twitter_card":"summary_large_image","twitter_misc":{"Estimation du temps de lecture":"2 minutes"},"schema":{"@context":"https:\/\/schema.org","@graph":[{"@type":"WebPage","@id":"https:\/\/dsptech.com\/fr\/technicien-sur-place\/","url":"https:\/\/dsptech.com\/fr\/technicien-sur-place\/","name":"Technicien sur place - DSPTECH","isPartOf":{"@id":"https:\/\/dsptech.com\/#website"},"datePublished":"2021-12-06T17:08:58+00:00","dateModified":"2022-03-23T17:17:09+00:00","description":"Votre technicien sur site Support pour les \u00e9v\u00e9nementsVous recherchez un technicien pour votre \u00e9v\u00e9nement ou des services audio vid\u00e9o suppl\u00e9mentaires ?","breadcrumb":{"@id":"https:\/\/dsptech.com\/fr\/technicien-sur-place\/#breadcrumb"},"inLanguage":"fr-CA","potentialAction":[{"@type":"ReadAction","target":["https:\/\/dsptech.com\/fr\/technicien-sur-place\/"]}]},{"@type":"BreadcrumbList","@id":"https:\/\/dsptech.com\/fr\/technicien-sur-place\/#breadcrumb","itemListElement":[{"@type":"ListItem","position":1,"name":"Home","item":"https:\/\/dsptech.com\/"},{"@type":"ListItem","position":2,"name":"Technicien sur place"}]},{"@type":"WebSite","@id":"https:\/\/dsptech.com\/#website","url":"https:\/\/dsptech.com\/","name":"DSPTECH","description":"Simultaneous Interpretations, Translation Equipment Systems","potentialAction":[{"@type":"SearchAction","target":{"@type":"EntryPoint","urlTemplate":"https:\/\/dsptech.com\/?s={search_term_string}"},"query-input":{"@type":"PropertyValueSpecification","valueRequired":true,"valueName":"search_term_string"}}],"inLanguage":"fr-CA"}]}},"_links":{"self":[{"href":"https:\/\/dsptech.com\/fr\/wp-json\/wp\/v2\/pages\/3657","targetHints":{"allow":["GET"]}}],"collection":[{"href":"https:\/\/dsptech.com\/fr\/wp-json\/wp\/v2\/pages"}],"about":[{"href":"https:\/\/dsptech.com\/fr\/wp-json\/wp\/v2\/types\/page"}],"author":[{"embeddable":true,"href":"https:\/\/dsptech.com\/fr\/wp-json\/wp\/v2\/users\/1"}],"replies":[{"embeddable":true,"href":"https:\/\/dsptech.com\/fr\/wp-json\/wp\/v2\/comments?post=3657"}],"version-history":[{"count":10,"href":"https:\/\/dsptech.com\/fr\/wp-json\/wp\/v2\/pages\/3657\/revisions"}],"predecessor-version":[{"id":4283,"href":"https:\/\/dsptech.com\/fr\/wp-json\/wp\/v2\/pages\/3657\/revisions\/4283"}],"wp:attachment":[{"href":"https:\/\/dsptech.com\/fr\/wp-json\/wp\/v2\/media?parent=3657"}],"curies":[{"name":"wp","href":"https:\/\/api.w.org\/{rel}","templated":true}]}}