{"id":3670,"date":"2021-12-06T17:09:00","date_gmt":"2021-12-06T17:09:00","guid":{"rendered":"https:\/\/dsptech.com\/services-dinterpretes\/"},"modified":"2021-12-09T20:33:54","modified_gmt":"2021-12-09T20:33:54","slug":"services-dinterpretes","status":"publish","type":"page","link":"https:\/\/dsptech.com\/fr\/services-dinterpretes\/","title":{"rendered":"Services d\u2019interpr\u00e8tes"},"content":{"rendered":"<p>[et_pb_section fb_built=\u00a0\u00bb1&Prime; custom_padding_last_edited=\u00a0\u00bbon|phone\u00a0\u00bb admin_label=\u00a0\u00bbsection\u00a0\u00bb _builder_version=\u00a0\u00bb4.7.1&Prime; use_background_color_gradient=\u00a0\u00bbon\u00a0\u00bb background_color_gradient_start=\u00a0\u00bb#65c6f7&Prime; background_color_gradient_end=\u00a0\u00bb#1357a5&Prime; background_color_gradient_overlays_image=\u00a0\u00bbon\u00a0\u00bb background_enable_image=\u00a0\u00bboff\u00a0\u00bb background_size=\u00a0\u00bbcontain\u00a0\u00bb custom_padding=\u00a0\u00bb215px||55px||false|false\u00a0\u00bb custom_padding_tablet=\u00a0\u00bb\u00a0\u00bb custom_padding_phone=\u00a0\u00bb30px||30px||true|false\u00a0\u00bb locked=\u00a0\u00bboff\u00a0\u00bb global_colors_info=\u00a0\u00bb{}\u00a0\u00bb][et_pb_row admin_label=\u00a0\u00bbLigne\u00a0\u00bb _builder_version=\u00a0\u00bb4.7.1&Prime; background_size=\u00a0\u00bbinitial\u00a0\u00bb background_position=\u00a0\u00bbtop_left\u00a0\u00bb background_repeat=\u00a0\u00bbrepeat\u00a0\u00bb width=\u00a0\u00bb85%\u00a0\u00bb max_width=\u00a0\u00bb1170px\u00a0\u00bb locked=\u00a0\u00bboff\u00a0\u00bb global_colors_info=\u00a0\u00bb{}\u00a0\u00bb][et_pb_column type=\u00a0\u00bb4_4&Prime; _builder_version=\u00a0\u00bb3.25&Prime; custom_padding=\u00a0\u00bb|||\u00a0\u00bb global_colors_info=\u00a0\u00bb{}\u00a0\u00bb custom_padding__hover=\u00a0\u00bb|||\u00a0\u00bb][et_pb_text _builder_version=\u00a0\u00bb4.7.1&Prime; _module_preset=\u00a0\u00bbdefault\u00a0\u00bb header_font=\u00a0\u00bb|700|||||||\u00a0\u00bb header_text_color=\u00a0\u00bb#000000&Prime; header_font_size=\u00a0\u00bb40px\u00a0\u00bb text_orientation=\u00a0\u00bbcenter\u00a0\u00bb background_layout=\u00a0\u00bbdark\u00a0\u00bb global_colors_info=\u00a0\u00bb{}\u00a0\u00bb]<\/p>\n<h1><span>ESSAYEZ NOS SERVICES D\u2019INTERPR\u00c8TES EXPERTS  <\/span><\/h1>\n<p>[\/et_pb_text][et_pb_text _builder_version=\u00a0\u00bb4.7.1&Prime; _module_preset=\u00a0\u00bbdefault\u00a0\u00bb header_font=\u00a0\u00bb|700|||||||\u00a0\u00bb header_text_color=\u00a0\u00bb#ffffff\u00a0\u00bb header_font_size=\u00a0\u00bb40px\u00a0\u00bb text_orientation=\u00a0\u00bbcenter\u00a0\u00bb background_layout=\u00a0\u00bbdark\u00a0\u00bb locked=\u00a0\u00bboff\u00a0\u00bb global_colors_info=\u00a0\u00bb{}\u00a0\u00bb]<\/p>\n<h1><span>APPELEZ-NOUS AU 1-888-883-7173  <\/span><\/h1>\n<p>[\/et_pb_text][\/et_pb_column][\/et_pb_row][\/et_pb_section][et_pb_section fb_built=\u00a0\u00bb1&Prime; _builder_version=\u00a0\u00bb4.7.1&Prime; _module_preset=\u00a0\u00bbdefault\u00a0\u00bb background_enable_color=\u00a0\u00bboff\u00a0\u00bb locked=\u00a0\u00bboff\u00a0\u00bb global_colors_info=\u00a0\u00bb{}\u00a0\u00bb][et_pb_row column_structure=\u00a0\u00bb3_4,1_4&Prime; make_equal=\u00a0\u00bbon\u00a0\u00bb _builder_version=\u00a0\u00bb4.7.1&Prime; _module_preset=\u00a0\u00bbdefault\u00a0\u00bb width=\u00a0\u00bb85%\u00a0\u00bb max_width=\u00a0\u00bb1170px\u00a0\u00bb custom_padding=\u00a0\u00bb0px||0px|||\u00a0\u00bb global_colors_info=\u00a0\u00bb{}\u00a0\u00bb][et_pb_column type=\u00a0\u00bb3_4&Prime; _builder_version=\u00a0\u00bb4.7.1&Prime; _module_preset=\u00a0\u00bbdefault\u00a0\u00bb animation_style=\u00a0\u00bbslide\u00a0\u00bb animation_direction=\u00a0\u00bbright\u00a0\u00bb animation_intensity_slide=\u00a0\u00bb10%\u00a0\u00bb global_colors_info=\u00a0\u00bb{}\u00a0\u00bb][et_pb_text _builder_version=\u00a0\u00bb4.7.1&Prime; _module_preset=\u00a0\u00bbdefault\u00a0\u00bb text_font=\u00a0\u00bbLato||||||||\u00a0\u00bb text_text_color=\u00a0\u00bb#000000&Prime; text_font_size=\u00a0\u00bb17px\u00a0\u00bb text_line_height=\u00a0\u00bb1.5em\u00a0\u00bb header_4_font=\u00a0\u00bbLato|700|||||||\u00a0\u00bb header_4_text_align=\u00a0\u00bbleft\u00a0\u00bb header_4_text_color=\u00a0\u00bb#444&Prime; header_4_font_size=\u00a0\u00bb24px\u00a0\u00bb header_4_line_height=\u00a0\u00bb40px\u00a0\u00bb custom_margin=\u00a0\u00bb||10px||false|false\u00a0\u00bb global_colors_info=\u00a0\u00bb{}\u00a0\u00bb]<\/p>\n<h4>Besoin d\u2019un interpr\u00e8te pour votre \u00e9v\u00e9nement ? Vous ne trouvez pas d\u2019interpr\u00e8te pour cette langue sp\u00e9ciale ou rare ? Nous avons un r\u00e9seau avec plus de 1000 interpr\u00e8tes en Am\u00e9rique du Nord. Contactez-nous et nous pouvons vous mettre en contact avec certains des meilleurs interpr\u00e8tes professionnels certifi\u00e9s de l\u2019industrie.<\/h4>\n<p>[\/et_pb_text][et_pb_text _builder_version=\u00a0\u00bb4.7.1&Prime; _module_preset=\u00a0\u00bbdefault\u00a0\u00bb text_font=\u00a0\u00bbLato||||||||\u00a0\u00bb text_text_color=\u00a0\u00bb#000000&Prime; text_font_size=\u00a0\u00bb17px\u00a0\u00bb text_line_height=\u00a0\u00bb1.5em\u00a0\u00bb header_4_font=\u00a0\u00bbLato|700|||||||\u00a0\u00bb header_4_text_align=\u00a0\u00bbleft\u00a0\u00bb header_4_text_color=\u00a0\u00bb#444&Prime; header_4_font_size=\u00a0\u00bb24px\u00a0\u00bb header_4_line_height=\u00a0\u00bb40px\u00a0\u00bb custom_margin=\u00a0\u00bb||10px||false|false\u00a0\u00bb global_colors_info=\u00a0\u00bb{}\u00a0\u00bb]<\/p>\n<h4>ou appelez-nous directement au 1-514-883-3000<br \/>  Sans frais \u00c9tats-Unis \/ CANADA 1-888-883-7173<\/h4>\n<p>[\/et_pb_text][et_pb_text _builder_version=\u00a0\u00bb4.14.2&Prime; _module_preset=\u00a0\u00bbdefault\u00a0\u00bb text_font=\u00a0\u00bbLato||||||||\u00a0\u00bb text_text_color=\u00a0\u00bb#000000&Prime; text_font_size=\u00a0\u00bb17px\u00a0\u00bb text_line_height=\u00a0\u00bb1.5em\u00a0\u00bb link_text_color=\u00a0\u00bb#354883&Prime; header_4_font=\u00a0\u00bbLato|700|||||||\u00a0\u00bb header_4_text_align=\u00a0\u00bbleft\u00a0\u00bb header_4_text_color=\u00a0\u00bb#444&Prime; header_4_font_size=\u00a0\u00bb24px\u00a0\u00bb header_4_line_height=\u00a0\u00bb40px\u00a0\u00bb hover_enabled=\u00a0\u00bb0&Prime; global_colors_info=\u00a0\u00bb{}\u00a0\u00bb sticky_enabled=\u00a0\u00bb0&Prime;]<\/p>\n<h4>Ou <a href=\"https:\/\/dsptech.com\/fr\/contactez-nous\/\">contactez-nous maintenant<\/a><\/h4>\n<p>[\/et_pb_text][\/et_pb_column][et_pb_column type=\u00a0\u00bb1_4&Prime; _builder_version=\u00a0\u00bb4.7.1&Prime; _module_preset=\u00a0\u00bbdefault\u00a0\u00bb background_enable_image=\u00a0\u00bboff\u00a0\u00bb background_size=\u00a0\u00bbcontain\u00a0\u00bb animation_style=\u00a0\u00bbslide\u00a0\u00bb animation_direction=\u00a0\u00bbleft\u00a0\u00bb animation_intensity_slide=\u00a0\u00bb10%\u00a0\u00bb global_colors_info=\u00a0\u00bb{}\u00a0\u00bb][et_pb_image src=\u00a0\u00bbhttps:\/\/dsptech.com\/wp-content\/uploads\/2020\/11\/16875275-an-illustration-of-a-hand-with-a-fist-full-of-dollar-notes-stock-vector.png\u00a0\u00bb title_text=\u00a0\u00bb16875275-an-illustration-of-a-hand-with-a-fist-full-of-dollar-notes-stock-vector\u00a0\u00bb _builder_version=\u00a0\u00bb4.7.1&Prime; _module_preset=\u00a0\u00bbdefault\u00a0\u00bb width_tablet=\u00a0\u00bb\u00a0\u00bb width_phone=\u00a0\u00bb50%\u00a0\u00bb width_last_edited=\u00a0\u00bbon|phone\u00a0\u00bb module_alignment_tablet=\u00a0\u00bb\u00a0\u00bb module_alignment_phone=\u00a0\u00bbcenter\u00a0\u00bb module_alignment_last_edited=\u00a0\u00bbon|phone\u00a0\u00bb global_colors_info=\u00a0\u00bb{}\u00a0\u00bb][\/et_pb_image][\/et_pb_column][\/et_pb_row][\/et_pb_section]<\/p>\n","protected":false},"excerpt":{"rendered":"<p>ESSAYEZ NOS SERVICES D\u2019INTERPR\u00c8TES EXPERTS APPELEZ-NOUS AU 1-888-883-7173 Besoin d\u2019un interpr\u00e8te pour votre \u00e9v\u00e9nement ? Vous ne trouvez pas d\u2019interpr\u00e8te pour cette langue sp\u00e9ciale ou rare ? Nous avons un r\u00e9seau avec plus de 1000 interpr\u00e8tes en Am\u00e9rique du Nord. Contactez-nous et nous pouvons vous mettre en contact avec certains des meilleurs interpr\u00e8tes professionnels certifi\u00e9s [&hellip;]<\/p>\n","protected":false},"author":1,"featured_media":0,"parent":0,"menu_order":0,"comment_status":"closed","ping_status":"closed","template":"","meta":{"_et_pb_use_builder":"on","_et_pb_old_content":"","_et_gb_content_width":"","footnotes":""},"class_list":["post-3670","page","type-page","status-publish","hentry"],"yoast_head":"<!-- This site is optimized with the Yoast SEO plugin v27.3 - https:\/\/yoast.com\/product\/yoast-seo-wordpress\/ -->\n<title>Services d\u2019interpr\u00e8tes - DSPTECH<\/title>\n<meta name=\"description\" content=\"\" \/>\n<meta name=\"robots\" content=\"index, follow, max-snippet:-1, max-image-preview:large, max-video-preview:-1\" \/>\n<link rel=\"canonical\" href=\"https:\/\/dsptech.com\/fr\/services-dinterpretes\/\" \/>\n<meta property=\"og:locale\" content=\"fr_CA\" \/>\n<meta property=\"og:type\" content=\"article\" \/>\n<meta property=\"og:title\" content=\"Services d\u2019interpr\u00e8tes - DSPTECH\" \/>\n<meta property=\"og:url\" content=\"https:\/\/dsptech.com\/fr\/services-dinterpretes\/\" \/>\n<meta property=\"og:site_name\" content=\"DSPTECH\" \/>\n<meta property=\"article:modified_time\" content=\"2021-12-09T20:33:54+00:00\" \/>\n<meta name=\"twitter:card\" content=\"summary_large_image\" \/>\n<meta name=\"twitter:label1\" content=\"Estimation du temps de lecture\" \/>\n\t<meta name=\"twitter:data1\" content=\"3 minutes\" \/>\n<script type=\"application\/ld+json\" class=\"yoast-schema-graph\">{\"@context\":\"https:\\\/\\\/schema.org\",\"@graph\":[{\"@type\":\"WebPage\",\"@id\":\"https:\\\/\\\/dsptech.com\\\/fr\\\/services-dinterpretes\\\/\",\"url\":\"https:\\\/\\\/dsptech.com\\\/fr\\\/services-dinterpretes\\\/\",\"name\":\"Services d\u2019interpr\u00e8tes - DSPTECH\",\"isPartOf\":{\"@id\":\"https:\\\/\\\/dsptech.com\\\/#website\"},\"datePublished\":\"2021-12-06T17:09:00+00:00\",\"dateModified\":\"2021-12-09T20:33:54+00:00\",\"breadcrumb\":{\"@id\":\"https:\\\/\\\/dsptech.com\\\/fr\\\/services-dinterpretes\\\/#breadcrumb\"},\"inLanguage\":\"fr-CA\",\"potentialAction\":[{\"@type\":\"ReadAction\",\"target\":[\"https:\\\/\\\/dsptech.com\\\/fr\\\/services-dinterpretes\\\/\"]}]},{\"@type\":\"BreadcrumbList\",\"@id\":\"https:\\\/\\\/dsptech.com\\\/fr\\\/services-dinterpretes\\\/#breadcrumb\",\"itemListElement\":[{\"@type\":\"ListItem\",\"position\":1,\"name\":\"Home\",\"item\":\"https:\\\/\\\/dsptech.com\\\/\"},{\"@type\":\"ListItem\",\"position\":2,\"name\":\"Services d\u2019interpr\u00e8tes\"}]},{\"@type\":\"WebSite\",\"@id\":\"https:\\\/\\\/dsptech.com\\\/#website\",\"url\":\"https:\\\/\\\/dsptech.com\\\/\",\"name\":\"DSPTECH\",\"description\":\"Simultaneous Interpretations, Translation Equipment Systems\",\"potentialAction\":[{\"@type\":\"SearchAction\",\"target\":{\"@type\":\"EntryPoint\",\"urlTemplate\":\"https:\\\/\\\/dsptech.com\\\/?s={search_term_string}\"},\"query-input\":{\"@type\":\"PropertyValueSpecification\",\"valueRequired\":true,\"valueName\":\"search_term_string\"}}],\"inLanguage\":\"fr-CA\"}]}<\/script>\n<!-- \/ Yoast SEO plugin. -->","yoast_head_json":{"title":"Services d\u2019interpr\u00e8tes - DSPTECH","description":"ESSAYEZ NOS SERVICES D\u2019INTERPR\u00c8TES EXPERTS APPELEZ-NOUS AU 1-888-883-7173 Besoin d\u2019un interpr\u00e8te pour votre \u00e9v\u00e9nement ? Vous ne trouvez pas d\u2019interpr\u00e8te pour cette langue sp\u00e9ciale ou rare ? Nous avons un r\u00e9seau avec plus de 1000 interpr?","robots":{"index":"index","follow":"follow","max-snippet":"max-snippet:-1","max-image-preview":"max-image-preview:large","max-video-preview":"max-video-preview:-1"},"canonical":"https:\/\/dsptech.com\/fr\/services-dinterpretes\/","og_locale":"fr_CA","og_type":"article","og_title":"Services d\u2019interpr\u00e8tes - DSPTECH","og_url":"https:\/\/dsptech.com\/fr\/services-dinterpretes\/","og_site_name":"DSPTECH","article_modified_time":"2021-12-09T20:33:54+00:00","twitter_card":"summary_large_image","twitter_misc":{"Estimation du temps de lecture":"3 minutes"},"schema":{"@context":"https:\/\/schema.org","@graph":[{"@type":"WebPage","@id":"https:\/\/dsptech.com\/fr\/services-dinterpretes\/","url":"https:\/\/dsptech.com\/fr\/services-dinterpretes\/","name":"Services d\u2019interpr\u00e8tes - DSPTECH","isPartOf":{"@id":"https:\/\/dsptech.com\/#website"},"datePublished":"2021-12-06T17:09:00+00:00","dateModified":"2021-12-09T20:33:54+00:00","breadcrumb":{"@id":"https:\/\/dsptech.com\/fr\/services-dinterpretes\/#breadcrumb"},"inLanguage":"fr-CA","potentialAction":[{"@type":"ReadAction","target":["https:\/\/dsptech.com\/fr\/services-dinterpretes\/"]}]},{"@type":"BreadcrumbList","@id":"https:\/\/dsptech.com\/fr\/services-dinterpretes\/#breadcrumb","itemListElement":[{"@type":"ListItem","position":1,"name":"Home","item":"https:\/\/dsptech.com\/"},{"@type":"ListItem","position":2,"name":"Services d\u2019interpr\u00e8tes"}]},{"@type":"WebSite","@id":"https:\/\/dsptech.com\/#website","url":"https:\/\/dsptech.com\/","name":"DSPTECH","description":"Simultaneous Interpretations, Translation Equipment Systems","potentialAction":[{"@type":"SearchAction","target":{"@type":"EntryPoint","urlTemplate":"https:\/\/dsptech.com\/?s={search_term_string}"},"query-input":{"@type":"PropertyValueSpecification","valueRequired":true,"valueName":"search_term_string"}}],"inLanguage":"fr-CA"}]}},"_links":{"self":[{"href":"https:\/\/dsptech.com\/fr\/wp-json\/wp\/v2\/pages\/3670","targetHints":{"allow":["GET"]}}],"collection":[{"href":"https:\/\/dsptech.com\/fr\/wp-json\/wp\/v2\/pages"}],"about":[{"href":"https:\/\/dsptech.com\/fr\/wp-json\/wp\/v2\/types\/page"}],"author":[{"embeddable":true,"href":"https:\/\/dsptech.com\/fr\/wp-json\/wp\/v2\/users\/1"}],"replies":[{"embeddable":true,"href":"https:\/\/dsptech.com\/fr\/wp-json\/wp\/v2\/comments?post=3670"}],"version-history":[{"count":3,"href":"https:\/\/dsptech.com\/fr\/wp-json\/wp\/v2\/pages\/3670\/revisions"}],"predecessor-version":[{"id":4081,"href":"https:\/\/dsptech.com\/fr\/wp-json\/wp\/v2\/pages\/3670\/revisions\/4081"}],"wp:attachment":[{"href":"https:\/\/dsptech.com\/fr\/wp-json\/wp\/v2\/media?parent=3670"}],"curies":[{"name":"wp","href":"https:\/\/api.w.org\/{rel}","templated":true}]}}