{"id":3725,"date":"2021-12-06T17:09:04","date_gmt":"2021-12-06T17:09:04","guid":{"rendered":"https:\/\/dsptech.com\/soutien\/"},"modified":"2021-12-06T17:09:08","modified_gmt":"2021-12-06T17:09:08","slug":"soutien","status":"publish","type":"page","link":"https:\/\/dsptech.com\/fr\/soutien\/","title":{"rendered":"Soutien"},"content":{"rendered":"<p>[et_pb_section fb_built=\u00a0\u00bb1&Prime; _builder_version=\u00a0\u00bb4.7.1&Prime; _module_preset=\u00a0\u00bbdefault\u00a0\u00bb background_enable_color=\u00a0\u00bboff\u00a0\u00bb hover_enabled=\u00a0\u00bb0&Prime; locked=\u00a0\u00bboff\u00a0\u00bb custom_margin=\u00a0\u00bb6vw||||false|false\u00a0\u00bb sticky_enabled=\u00a0\u00bb0&Prime;][et_pb_row use_custom_gutter=\u00a0\u00bbon\u00a0\u00bb gutter_width=\u00a0\u00bb2&Prime; _builder_version=\u00a0\u00bb4.7.1&Prime; _module_preset=\u00a0\u00bbdefault\u00a0\u00bb width=\u00a0\u00bb85%\u00a0\u00bb max_width=\u00a0\u00bb1170px\u00a0\u00bb custom_padding=\u00a0\u00bb0px||||false|false\u00a0\u00bb hover_enabled=\u00a0\u00bb0&Prime; sticky_enabled=\u00a0\u00bb0&Prime;][et_pb_column type=\u00a0\u00bb4_4&Prime; _builder_version=\u00a0\u00bb4.7.1&Prime; _module_preset=\u00a0\u00bbdefault\u00a0\u00bb animation_style=\u00a0\u00bbslide\u00a0\u00bb animation_direction=\u00a0\u00bbright\u00a0\u00bb animation_intensity_slide=\u00a0\u00bb10%\u00a0\u00bb][et_pb_text _builder_version=\u00a0\u00bb4.7.1&Prime; _module_preset=\u00a0\u00bbdefault\u00a0\u00bb text_font=\u00a0\u00bbRajdhani||||||||\u00a0\u00bb header_font=\u00a0\u00bbLato|700|||||||\u00a0\u00bb header_text_align=\u00a0\u00bbleft\u00a0\u00bb header_text_color=\u00a0\u00bb#333&Prime; header_font_size=\u00a0\u00bb38px\u00a0\u00bb header_2_text_align=\u00a0\u00bbcenter\u00a0\u00bb header_2_text_color=\u00a0\u00bb#ffffff\u00a0\u00bb header_2_font_size=\u00a0\u00bb25px\u00a0\u00bb header_2_line_height=\u00a0\u00bb1.1em\u00a0\u00bb header_4_font=\u00a0\u00bbLato||||||||\u00a0\u00bb header_4_text_color=\u00a0\u00bb#444&Prime; header_4_font_size=\u00a0\u00bb24px\u00a0\u00bb custom_margin=\u00a0\u00bb||||false|false\u00a0\u00bb hover_enabled=\u00a0\u00bb0&Prime; locked=\u00a0\u00bboff\u00a0\u00bb sticky_enabled=\u00a0\u00bb0&Prime;]<\/p>\n<h1>Soutien<\/h1>\n<p>[\/et_pb_text][\/et_pb_column][\/et_pb_row][et_pb_row column_structure=\u00a0\u00bb3_4,1_4&Prime; use_custom_gutter=\u00a0\u00bbon\u00a0\u00bb gutter_width=\u00a0\u00bb2&Prime; _builder_version=\u00a0\u00bb4.7.1&Prime; _module_preset=\u00a0\u00bbdefault\u00a0\u00bb width=\u00a0\u00bb85%\u00a0\u00bb max_width=\u00a0\u00bb1170px\u00a0\u00bb custom_padding=\u00a0\u00bb0px||0px|||\u00a0\u00bb][et_pb_column type=\u00a0\u00bb3_4&Prime; _builder_version=\u00a0\u00bb4.7.1&Prime; _module_preset=\u00a0\u00bbdefault\u00a0\u00bb animation_style=\u00a0\u00bbslide\u00a0\u00bb animation_direction=\u00a0\u00bbright\u00a0\u00bb animation_intensity_slide=\u00a0\u00bb10%\u00a0\u00bb][et_pb_text _builder_version=\u00a0\u00bb4.7.1&Prime; _module_preset=\u00a0\u00bbdefault\u00a0\u00bb text_font=\u00a0\u00bbRajdhani||||||||\u00a0\u00bb header_font=\u00a0\u00bbLato|900|||||||\u00a0\u00bb header_text_align=\u00a0\u00bbleft\u00a0\u00bb header_font_size=\u00a0\u00bb34px\u00a0\u00bb header_letter_spacing=\u00a0\u00bb1px\u00a0\u00bb header_line_height=\u00a0\u00bb1.1em\u00a0\u00bb header_4_font=\u00a0\u00bbLato|700|||||||\u00a0\u00bb header_4_text_color=\u00a0\u00bb#444&Prime; header_4_font_size=\u00a0\u00bb24px\u00a0\u00bb content__hover_enabled=\u00a0\u00bboff|desktop\u00a0\u00bb]<\/p>\n<h4>Demandes de r\u00e9paration de garantie et de soutien technique :<\/h4>\n<p>[\/et_pb_text][et_pb_text _builder_version=\u00a0\u00bb4.7.1&Prime; _module_preset=\u00a0\u00bbdefault\u00a0\u00bb text_font=\u00a0\u00bbArial||||||||\u00a0\u00bb text_text_color=\u00a0\u00bb#444&Prime;]<\/p>\n<p>Veuillez communiquer avec notre centre de services \u00e0 l\u2019heure suivante :<\/p>\n<p><a href=\"mailto:support@dsptech.com\"><img decoding=\"async\" class=\"transparent lazyloaded\" src=\"https:\/\/dsptech.com\/wp-content\/uploads\/2017\/01\/email-icon.png\" data-src=\"https:\/\/dsptech.com\/wp-content\/uploads\/2017\/01\/email-icon.png\" alt=\"https:\/\/dsptech.com\/wp-content\/uploads\/2017\/01\/email-icon.png\" width=\"27\" height=\"27\" data-zoom-image=\"https:\/\/dsptech.com\/wp-content\/uploads\/2017\/01\/email-icon.png\"><span> <\/span>support@dsptech.com<\/a><\/p>\n<p>ou Appelez-nous directement au<span> <\/span> <span>1-514-883-3000 Sans frais <br \/> \u00c9tats-Unis \/ CANADA 1-888-883-7173<\/span><\/p>\n<p>[\/et_pb_text][et_pb_text _builder_version=\u00a0\u00bb4.7.1&Prime; _module_preset=\u00a0\u00bbdefault\u00a0\u00bb text_font=\u00a0\u00bbArial||||||||\u00a0\u00bb text_text_color=\u00a0\u00bb#444&Prime; header_4_text_align=\u00a0\u00bbcenter\u00a0\u00bb header_4_letter_spacing=\u00a0\u00bb1px\u00a0\u00bb header_4_line_height=\u00a0\u00bb1.1em\u00a0\u00bb]<\/p>\n<p><strong>Tous les r\u00e9cepteurs Digital Express<span> <\/span>\u2122 comprennent une <u> <span>garantie limit\u00e9e 2<\/span> <span> <\/span>ans express couvrant les<\/u> <span> <\/span>d\u00e9fauts de fabrication en usage et en soins normaux.*<\/strong><\/p>\n<p>Dans les cas peu probables ou rares, votre r\u00e9cepteur Digital Express \u2122 un service de r\u00e9paration de garantie. Digi-Sat Plus Technologies offre un service de r\u00e9paration Express sans tracas o\u00f9 nos techniciens remplacent l\u2019ensemble du circuit principal par une pi\u00e8ce neuve ou remise \u00e0 neuf. Le redressement de r\u00e9paration est habituellement dans<span> <\/span><span>48<\/span><span> <\/span>heures, puis exp\u00e9di\u00e9s ou livr\u00e9s directement \u00e0 votre bureau sans frais. Digi-Sat Plus Technologies offre une<span> <\/span><span>100%<\/span><span> <\/span>garantie de satisfaction du client sur toutes les r\u00e9parations.<\/p>\n<p><strong>DIGI-SAT PLUS TECHNOLOGIES INC<\/strong><br \/> <strong>CENTRE DE SERVICES EXPRESS<\/strong><br \/> <strong><span>10205<\/span> <span> <\/span>ARMAND LAVERGNE<\/strong><br \/> <strong>MONTR\u00c9AL, QC H<span> <\/span><span>1<\/span>H <span>3<\/span>N<span>7<\/span><\/strong><br \/> <strong>Canada<\/strong><\/p>\n<p>[\/et_pb_text][\/et_pb_column][et_pb_column type=\u00a0\u00bb1_4&Prime; _builder_version=\u00a0\u00bb4.7.1&Prime; _module_preset=\u00a0\u00bbdefault\u00a0\u00bb background_enable_image=\u00a0\u00bboff\u00a0\u00bb background_size=\u00a0\u00bbcontain\u00a0\u00bb animation_style=\u00a0\u00bbslide\u00a0\u00bb animation_direction=\u00a0\u00bbleft\u00a0\u00bb animation_intensity_slide=\u00a0\u00bb10%\u00a0\u00bb][et_pb_image src=\u00a0\u00bbhttps:\/\/dsptech.com\/wp-content\/uploads\/2020\/11\/16875275-an-illustration-of-a-hand-with-a-fist-full-of-dollar-notes-stock-vector.png\u00a0\u00bb title_text=\u00a0\u00bb16875275-an-illustration-of-a-hand-with-a-fist-full-of-dollar-notes-stock-vector\u00a0\u00bb _builder_version=\u00a0\u00bb4.7.1&Prime; _module_preset=\u00a0\u00bbdefault\u00a0\u00bb width_tablet=\u00a0\u00bb\u00a0\u00bb width_phone=\u00a0\u00bb50%\u00a0\u00bb width_last_edited=\u00a0\u00bbon|phone\u00a0\u00bb module_alignment_tablet=\u00a0\u00bb\u00a0\u00bb module_alignment_phone=\u00a0\u00bbcenter\u00a0\u00bb module_alignment_last_edited=\u00a0\u00bbon|phone\u00a0\u00bb][\/et_pb_image][\/et_pb_column][\/et_pb_row][\/et_pb_section]<\/p>\n","protected":false},"excerpt":{"rendered":"<p>Soutien Demandes de r\u00e9paration de garantie et de soutien technique :Veuillez communiquer avec notre centre de services \u00e0 l\u2019heure suivante : support@dsptech.com ou Appelez-nous directement au 1-514-883-3000 Sans frais \u00c9tats-Unis \/ CANADA 1-888-883-7173Tous les r\u00e9cepteurs Digital Express \u2122 comprennent une garantie limit\u00e9e 2 ans express couvrant les d\u00e9fauts de fabrication en usage et en soins [&hellip;]<\/p>\n","protected":false},"author":1,"featured_media":0,"parent":0,"menu_order":0,"comment_status":"closed","ping_status":"closed","template":"","meta":{"_et_pb_use_builder":"on","_et_pb_old_content":"","_et_gb_content_width":"","footnotes":""},"class_list":["post-3725","page","type-page","status-publish","hentry"],"yoast_head":"<!-- This site is optimized with the Yoast SEO plugin v27.3 - https:\/\/yoast.com\/product\/yoast-seo-wordpress\/ -->\n<title>Soutien - DSPTECH<\/title>\n<meta name=\"description\" content=\"Soutien Demandes de r\u00e9paration de garantie et de soutien technique : Veuillez communiquer avec notre centre de services \u00e0 l\u2019heure suivante : support@dsptech.com ou Appelez-nous directement au 1-514-883-3000 Sans frais \u00c9tats-Unis \/ CANADA 1-888-8\" \/>\n<meta name=\"robots\" content=\"index, follow, max-snippet:-1, max-image-preview:large, max-video-preview:-1\" \/>\n<link rel=\"canonical\" href=\"https:\/\/dsptech.com\/fr\/soutien\/\" \/>\n<meta property=\"og:locale\" content=\"fr_CA\" \/>\n<meta property=\"og:type\" content=\"article\" \/>\n<meta property=\"og:title\" content=\"Soutien - DSPTECH\" \/>\n<meta property=\"og:url\" content=\"https:\/\/dsptech.com\/fr\/soutien\/\" \/>\n<meta property=\"og:site_name\" content=\"DSPTECH\" \/>\n<meta property=\"article:modified_time\" content=\"2021-12-06T17:09:08+00:00\" \/>\n<meta property=\"og:image\" content=\"https:\/\/dsptech.com\/wp-content\/uploads\/2017\/01\/email-icon.png\" \/>\n<meta name=\"twitter:card\" content=\"summary_large_image\" \/>\n<meta name=\"twitter:label1\" content=\"Estimation du temps de lecture\" \/>\n\t<meta name=\"twitter:data1\" content=\"3 minutes\" \/>\n<script type=\"application\/ld+json\" class=\"yoast-schema-graph\">{\"@context\":\"https:\\\/\\\/schema.org\",\"@graph\":[{\"@type\":\"WebPage\",\"@id\":\"https:\\\/\\\/dsptech.com\\\/fr\\\/soutien\\\/\",\"url\":\"https:\\\/\\\/dsptech.com\\\/fr\\\/soutien\\\/\",\"name\":\"Soutien - DSPTECH\",\"isPartOf\":{\"@id\":\"https:\\\/\\\/dsptech.com\\\/#website\"},\"primaryImageOfPage\":{\"@id\":\"https:\\\/\\\/dsptech.com\\\/fr\\\/soutien\\\/#primaryimage\"},\"image\":{\"@id\":\"https:\\\/\\\/dsptech.com\\\/fr\\\/soutien\\\/#primaryimage\"},\"thumbnailUrl\":\"https:\\\/\\\/dsptech.com\\\/wp-content\\\/uploads\\\/2017\\\/01\\\/email-icon.png\",\"datePublished\":\"2021-12-06T17:09:04+00:00\",\"dateModified\":\"2021-12-06T17:09:08+00:00\",\"breadcrumb\":{\"@id\":\"https:\\\/\\\/dsptech.com\\\/fr\\\/soutien\\\/#breadcrumb\"},\"inLanguage\":\"fr-CA\",\"potentialAction\":[{\"@type\":\"ReadAction\",\"target\":[\"https:\\\/\\\/dsptech.com\\\/fr\\\/soutien\\\/\"]}]},{\"@type\":\"ImageObject\",\"inLanguage\":\"fr-CA\",\"@id\":\"https:\\\/\\\/dsptech.com\\\/fr\\\/soutien\\\/#primaryimage\",\"url\":\"https:\\\/\\\/dsptech.com\\\/wp-content\\\/uploads\\\/2017\\\/01\\\/email-icon.png\",\"contentUrl\":\"https:\\\/\\\/dsptech.com\\\/wp-content\\\/uploads\\\/2017\\\/01\\\/email-icon.png\"},{\"@type\":\"BreadcrumbList\",\"@id\":\"https:\\\/\\\/dsptech.com\\\/fr\\\/soutien\\\/#breadcrumb\",\"itemListElement\":[{\"@type\":\"ListItem\",\"position\":1,\"name\":\"Home\",\"item\":\"https:\\\/\\\/dsptech.com\\\/\"},{\"@type\":\"ListItem\",\"position\":2,\"name\":\"Soutien\"}]},{\"@type\":\"WebSite\",\"@id\":\"https:\\\/\\\/dsptech.com\\\/#website\",\"url\":\"https:\\\/\\\/dsptech.com\\\/\",\"name\":\"DSPTECH\",\"description\":\"Simultaneous Interpretations, Translation Equipment Systems\",\"potentialAction\":[{\"@type\":\"SearchAction\",\"target\":{\"@type\":\"EntryPoint\",\"urlTemplate\":\"https:\\\/\\\/dsptech.com\\\/?s={search_term_string}\"},\"query-input\":{\"@type\":\"PropertyValueSpecification\",\"valueRequired\":true,\"valueName\":\"search_term_string\"}}],\"inLanguage\":\"fr-CA\"}]}<\/script>\n<!-- \/ Yoast SEO plugin. -->","yoast_head_json":{"title":"Soutien - DSPTECH","description":"Soutien Demandes de r\u00e9paration de garantie et de soutien technique : Veuillez communiquer avec notre centre de services \u00e0 l\u2019heure suivante : support@dsptech.com ou Appelez-nous directement au 1-514-883-3000 Sans frais \u00c9tats-Unis \/ CANADA 1-888-8","robots":{"index":"index","follow":"follow","max-snippet":"max-snippet:-1","max-image-preview":"max-image-preview:large","max-video-preview":"max-video-preview:-1"},"canonical":"https:\/\/dsptech.com\/fr\/soutien\/","og_locale":"fr_CA","og_type":"article","og_title":"Soutien - DSPTECH","og_url":"https:\/\/dsptech.com\/fr\/soutien\/","og_site_name":"DSPTECH","article_modified_time":"2021-12-06T17:09:08+00:00","og_image":[{"url":"https:\/\/dsptech.com\/wp-content\/uploads\/2017\/01\/email-icon.png","type":"","width":"","height":""}],"twitter_card":"summary_large_image","twitter_misc":{"Estimation du temps de lecture":"3 minutes"},"schema":{"@context":"https:\/\/schema.org","@graph":[{"@type":"WebPage","@id":"https:\/\/dsptech.com\/fr\/soutien\/","url":"https:\/\/dsptech.com\/fr\/soutien\/","name":"Soutien - DSPTECH","isPartOf":{"@id":"https:\/\/dsptech.com\/#website"},"primaryImageOfPage":{"@id":"https:\/\/dsptech.com\/fr\/soutien\/#primaryimage"},"image":{"@id":"https:\/\/dsptech.com\/fr\/soutien\/#primaryimage"},"thumbnailUrl":"https:\/\/dsptech.com\/wp-content\/uploads\/2017\/01\/email-icon.png","datePublished":"2021-12-06T17:09:04+00:00","dateModified":"2021-12-06T17:09:08+00:00","breadcrumb":{"@id":"https:\/\/dsptech.com\/fr\/soutien\/#breadcrumb"},"inLanguage":"fr-CA","potentialAction":[{"@type":"ReadAction","target":["https:\/\/dsptech.com\/fr\/soutien\/"]}]},{"@type":"ImageObject","inLanguage":"fr-CA","@id":"https:\/\/dsptech.com\/fr\/soutien\/#primaryimage","url":"https:\/\/dsptech.com\/wp-content\/uploads\/2017\/01\/email-icon.png","contentUrl":"https:\/\/dsptech.com\/wp-content\/uploads\/2017\/01\/email-icon.png"},{"@type":"BreadcrumbList","@id":"https:\/\/dsptech.com\/fr\/soutien\/#breadcrumb","itemListElement":[{"@type":"ListItem","position":1,"name":"Home","item":"https:\/\/dsptech.com\/"},{"@type":"ListItem","position":2,"name":"Soutien"}]},{"@type":"WebSite","@id":"https:\/\/dsptech.com\/#website","url":"https:\/\/dsptech.com\/","name":"DSPTECH","description":"Simultaneous Interpretations, Translation Equipment Systems","potentialAction":[{"@type":"SearchAction","target":{"@type":"EntryPoint","urlTemplate":"https:\/\/dsptech.com\/?s={search_term_string}"},"query-input":{"@type":"PropertyValueSpecification","valueRequired":true,"valueName":"search_term_string"}}],"inLanguage":"fr-CA"}]}},"_links":{"self":[{"href":"https:\/\/dsptech.com\/fr\/wp-json\/wp\/v2\/pages\/3725","targetHints":{"allow":["GET"]}}],"collection":[{"href":"https:\/\/dsptech.com\/fr\/wp-json\/wp\/v2\/pages"}],"about":[{"href":"https:\/\/dsptech.com\/fr\/wp-json\/wp\/v2\/types\/page"}],"author":[{"embeddable":true,"href":"https:\/\/dsptech.com\/fr\/wp-json\/wp\/v2\/users\/1"}],"replies":[{"embeddable":true,"href":"https:\/\/dsptech.com\/fr\/wp-json\/wp\/v2\/comments?post=3725"}],"version-history":[{"count":1,"href":"https:\/\/dsptech.com\/fr\/wp-json\/wp\/v2\/pages\/3725\/revisions"}],"predecessor-version":[{"id":3737,"href":"https:\/\/dsptech.com\/fr\/wp-json\/wp\/v2\/pages\/3725\/revisions\/3737"}],"wp:attachment":[{"href":"https:\/\/dsptech.com\/fr\/wp-json\/wp\/v2\/media?parent=3725"}],"curies":[{"name":"wp","href":"https:\/\/api.w.org\/{rel}","templated":true}]}}