{"id":3814,"date":"2021-12-06T17:13:39","date_gmt":"2021-12-06T17:13:39","guid":{"rendered":"https:\/\/dsptech.com\/garantie\/"},"modified":"2021-12-06T17:13:42","modified_gmt":"2021-12-06T17:13:42","slug":"garantie","status":"publish","type":"page","link":"https:\/\/dsptech.com\/fr\/garantie\/","title":{"rendered":"Garantie"},"content":{"rendered":"<p>[et_pb_section fb_built=\u00a0\u00bb1&Prime; _builder_version=\u00a0\u00bb4.7.1&Prime; _module_preset=\u00a0\u00bbdefault\u00a0\u00bb background_enable_color=\u00a0\u00bboff\u00a0\u00bb background_enable_image=\u00a0\u00bboff\u00a0\u00bb parallax=\u00a0\u00bbon\u00a0\u00bb custom_padding=\u00a0\u00bb||||false|false\u00a0\u00bb][et_pb_row _builder_version=\u00a0\u00bb4.7.1&Prime; _module_preset=\u00a0\u00bbdefault\u00a0\u00bb width=\u00a0\u00bb85%\u00a0\u00bb max_width=\u00a0\u00bb1170px\u00a0\u00bb custom_margin=\u00a0\u00bb||||true|false\u00a0\u00bb custom_padding=\u00a0\u00bb0px|15px||15px|false|true\u00a0\u00bb][et_pb_column type=\u00a0\u00bb4_4&Prime; _builder_version=\u00a0\u00bb4.7.1&Prime; _module_preset=\u00a0\u00bbdefault\u00a0\u00bb][et_pb_text _builder_version=\u00a0\u00bb4.7.1&Prime; _module_preset=\u00a0\u00bbdefault\u00a0\u00bb text_font=\u00a0\u00bbRajdhani||||||||\u00a0\u00bb header_font=\u00a0\u00bbLato||||||||\u00a0\u00bb header_text_align=\u00a0\u00bbcenter\u00a0\u00bb header_font_size=\u00a0\u00bb41px\u00a0\u00bb header_letter_spacing=\u00a0\u00bb1px\u00a0\u00bb header_2_font=\u00a0\u00bbLato||||||||\u00a0\u00bb header_2_text_align=\u00a0\u00bbcenter\u00a0\u00bb header_2_font_size=\u00a0\u00bb32px\u00a0\u00bb header_text_shadow_style=\u00a0\u00bbpreset1&Prime; header_text_shadow_vertical_length=\u00a0\u00bb0.06em\u00a0\u00bb header_text_shadow_blur_strength=\u00a0\u00bb0.06em\u00a0\u00bb]<\/p>\n<h2>\u00c9QUIPEMENT DE TRADUCTION DANS VOTRE VILLE<br \/>\n<\/h2>\n<p>[\/et_pb_text][\/et_pb_column][\/et_pb_row][et_pb_row use_custom_gutter=\u00a0\u00bbon\u00a0\u00bb _builder_version=\u00a0\u00bb4.7.1&Prime; _module_preset=\u00a0\u00bbdefault\u00a0\u00bb width=\u00a0\u00bb85%\u00a0\u00bb max_width=\u00a0\u00bb1170px\u00a0\u00bb custom_margin=\u00a0\u00bb0px||||false|false\u00a0\u00bb custom_padding=\u00a0\u00bb0px||||false|false\u00a0\u00bb][et_pb_column type=\u00a0\u00bb4_4&Prime; _builder_version=\u00a0\u00bb4.7.1&Prime; _module_preset=\u00a0\u00bbdefault\u00a0\u00bb background_enable_image=\u00a0\u00bboff\u00a0\u00bb background_size=\u00a0\u00bbcontain\u00a0\u00bb custom_padding=\u00a0\u00bb||||true|false\u00a0\u00bb animation_style=\u00a0\u00bbslide\u00a0\u00bb animation_direction=\u00a0\u00bbright\u00a0\u00bb animation_intensity_slide=\u00a0\u00bb10%\u00a0\u00bb][et_pb_text _builder_version=\u00a0\u00bb4.7.1&Prime; _module_preset=\u00a0\u00bbdefault\u00a0\u00bb text_font=\u00a0\u00bbLato||||||||\u00a0\u00bb text_text_color=\u00a0\u00bb#444&Prime; text_line_height=\u00a0\u00bb20px\u00a0\u00bb header_5_font=\u00a0\u00bbLato||||||||\u00a0\u00bb header_5_text_color=\u00a0\u00bb#555&Prime; header_5_font_size=\u00a0\u00bb18px\u00a0\u00bb header_5_line_height=\u00a0\u00bb24px\u00a0\u00bb hover_enabled=\u00a0\u00bb0&Prime; header_text_color=\u00a0\u00bb#333&Prime; sticky_enabled=\u00a0\u00bb0&Prime;]<\/p>\n<h1>Garantie<br \/>\n<\/h1>\n<p>[\/et_pb_text][\/et_pb_column][\/et_pb_row][et_pb_row use_custom_gutter=\u00a0\u00bbon\u00a0\u00bb make_equal=\u00a0\u00bbon\u00a0\u00bb _builder_version=\u00a0\u00bb4.7.1&Prime; _module_preset=\u00a0\u00bbdefault\u00a0\u00bb width=\u00a0\u00bb85%\u00a0\u00bb max_width=\u00a0\u00bb1170px\u00a0\u00bb custom_padding=\u00a0\u00bb0px||||false|false\u00a0\u00bb locked=\u00a0\u00bboff\u00a0\u00bb][et_pb_column type=\u00a0\u00bb4_4&Prime; disabled_on=\u00a0\u00bbon|on|off\u00a0\u00bb _builder_version=\u00a0\u00bb4.7.1&Prime; _module_preset=\u00a0\u00bbdefault\u00a0\u00bb background_enable_image=\u00a0\u00bboff\u00a0\u00bb animation_style=\u00a0\u00bbslide\u00a0\u00bb animation_direction=\u00a0\u00bbleft\u00a0\u00bb animation_intensity_slide=\u00a0\u00bb10%\u00a0\u00bb][et_pb_text _builder_version=\u00a0\u00bb4.7.1&Prime; _module_preset=\u00a0\u00bbdefault\u00a0\u00bb text_font=\u00a0\u00bbRajdhani||||||||\u00a0\u00bb header_font=\u00a0\u00bbLato|900|||||||\u00a0\u00bb header_text_align=\u00a0\u00bbleft\u00a0\u00bb header_font_size=\u00a0\u00bb34px\u00a0\u00bb header_letter_spacing=\u00a0\u00bb1px\u00a0\u00bb header_4_font=\u00a0\u00bbLato||||||||\u00a0\u00bb header_4_text_color=\u00a0\u00bb#444444&Prime; header_4_font_size=\u00a0\u00bb24px\u00a0\u00bb header_4_line_height=\u00a0\u00bb40px\u00a0\u00bb vertical_offset=\u00a0\u00bb423px\u00a0\u00bb horizontal_offset=\u00a0\u00bb95px\u00a0\u00bb position_origin_a_tablet=\u00a0\u00bb\u00a0\u00bb position_origin_a_phone=\u00a0\u00bb\u00a0\u00bb position_origin_a_last_edited=\u00a0\u00bbon|phone\u00a0\u00bb position_origin_f_tablet=\u00a0\u00bb\u00a0\u00bb position_origin_f_phone=\u00a0\u00bb\u00a0\u00bb position_origin_f_last_edited=\u00a0\u00bbon|phone\u00a0\u00bb position_origin_r_tablet=\u00a0\u00bb\u00a0\u00bb position_origin_r_phone=\u00a0\u00bb\u00a0\u00bb position_origin_r_last_edited=\u00a0\u00bbon|phone\u00a0\u00bb module_alignment=\u00a0\u00bbleft\u00a0\u00bb custom_margin=\u00a0\u00bb0px||0px||true|false\u00a0\u00bb custom_padding=\u00a0\u00bb0px||0px||true|false\u00a0\u00bb hover_enabled=\u00a0\u00bb0&Prime; positioning_tablet=\u00a0\u00bb\u00a0\u00bb positioning_phone=\u00a0\u00bbnone\u00a0\u00bb positioning_last_edited=\u00a0\u00bbon|phone\u00a0\u00bb sticky_enabled=\u00a0\u00bb0&Prime;][:fr] Veuillez communiquer avec le centre de service \u00e0 :[\/et_pb_text][et_pb_blurb _builder_version=\u00a0\u00bb4.7.1&Prime; _module_preset=\u00a0\u00bbdefault\u00a0\u00bb hover_enabled=\u00a0\u00bb0&Prime; sticky_enabled=\u00a0\u00bb0&Prime; use_icon=\u00a0\u00bbon\u00a0\u00bb font_icon=\u00a0\u00bb%%238%%\u00a0\u00bb icon_alignment=\u00a0\u00bbleft\u00a0\u00bb content_max_width=\u00a0\u00bb100%\u00a0\u00bb use_icon_font_size=\u00a0\u00bbon\u00a0\u00bb icon_font_size=\u00a0\u00bb25px\u00a0\u00bb url=\u00a0\u00bbmailto:support@dsptech.com\u00a0\u00bb link_option_url=\u00a0\u00bbmailto:support@dsptech.com\u00a0\u00bb custom_margin=\u00a0\u00bb15px||||false|false\u00a0\u00bb]<a href=\"mailto:support@dsptech.com\">support@dsptech.com<\/a>[\/et_pb_blurb][et_pb_text _builder_version=\u00a0\u00bb4.7.1&Prime; _module_preset=\u00a0\u00bbdefault\u00a0\u00bb hover_enabled=\u00a0\u00bb0&Prime; sticky_enabled=\u00a0\u00bb0&Prime;]ou appelez-nous directement au (514) 883-3000.<\/p>\n<p><strong>Les r\u00e9cepteurs Digital Express\u2122 comprennent deux ans de garantie limit\u00e9e explicite qui couvre les d\u00e9fauts de mat\u00e9riel \u00e0 condition d\u2019usage et d\u2019entretien normal.*<\/strong><\/p>\n<p>Dans le cas peu probable que votre r\u00e9cepteur Digital Express\u2122 aurait besoin du service de r\u00e9paration couvert par la garantie, Digi-Sat Plus Technologies offre un service de r\u00e9paration Express sans soucis; nos techniciens remplacent le circuit imprim\u00e9 au complet par une pi\u00e8ce neuve ou remise \u00e0 neuf. Ce processus prend habituellement 48 heures et l\u2019unit\u00e9 est ensuite r\u00e9exp\u00e9di\u00e9e ou livr\u00e9e directement \u00e0 vos bureaux sans frais.<\/p>\n<p>*La garantie limit\u00e9e explicite ne couvre pas les dommages, les probl\u00e8mes cosm\u00e9tiques ou les bris caus\u00e9s par des abus ou un contact avec de l\u2019eau.<\/p>\n<p><strong><u>TECHNOLOGIES DIGI-SAT PLUS INC.<\/u><\/strong><\/p>\n<p><strong><u>GARANTIE LIMIT\u00c9E DE 2 ANS<\/u><\/strong><\/p>\n<p><strong><u>R\u00c9CEPTEUR DIGITAL EXPRESS<\/u><\/strong><\/p>\n<p>&#8211;<\/p>\n<p>TECHNOLOGIES DIGI-SAT PLUS INC. (\u00ab&nbsp;TDSP&nbsp;\u00bb) garantit \u00e0 l\u2019acheteur original que ce produit, lorsqu\u2019il est achet\u00e9 maintenant dans son emballage d\u2019origine et aupr\u00e8s d\u2019un vendeur autoris\u00e9, et lorsqu\u2019il est utilis\u00e9 selon les consignes fournies par TDSP et les recommandations contenues dans les manuels accompagnant le produit, sera remplac\u00e9 en cas de d\u00e9faut de mat\u00e9riel ou de main d\u2019\u0153uvre constat\u00e9 au moment de l\u2019achat et emp\u00eachant le produit de fonctionner de la mani\u00e8re indiqu\u00e9e dans la documentation  l\u2019accompagnant, pendant une p\u00e9riode de deux (2) ans \u00e0 compter de la date d\u2019achat originale, dans son emballage d\u2019origine et aupr\u00e8s d\u2019un vendeur autoris\u00e9 (\u00ab&nbsp;P\u00e9riode de garantie&nbsp;\u00bb).<\/p>\n<p>En cas de d\u00e9faut et qu\u2019une r\u00e9clamation valide soit re\u00e7ue par TDSP dans la P\u00e9riode de garantie, TDSP pourra, selon son choix, (a) r\u00e9parer le produit sans frais \u00e0 l\u2019aide de pi\u00e8ces de rechange neuves ou reconditionn\u00e9es, ou (b) \u00e9changer le produit pour un produit neuf ou fabriqu\u00e9 \u00e0 partir de pi\u00e8ces neuves ou reconditionn\u00e9es et don\u2019t les caract\u00e9ristiques sont au moins \u00e9quivalentes \u00e0 celles du produit original.<\/p>\n<p>Pour effectuer une r\u00e9clamation ou pour obtenir la r\u00e9paration ou le remplacement selon les conditions de cette garantie, veuillez retourner le produit accompagn\u00e9 d\u2019une preuve d\u2019achat, de la description du probl\u00e8me et des frais d\u2019exp\u00e9dition de retour pr\u00e9pay\u00e9s \u00e0 TDSP.<\/p>\n<p>Cette garantie ne s\u2019applique pas : a) aux dommages caus\u00e9s au produit par un accident, une utilisation abusive, une utilisation impropre, une mauvaise utilisation; b) aux dommages caus\u00e9s lors de l\u2019entretien ou de la r\u00e9paration effectu\u00e9e par une personne n\u2019appartenant pas \u00e0 TDSP; (c) \u00e0 un produit ou une pi\u00e8ce qui a \u00e9t\u00e9 alt\u00e9r\u00e9e ou modifi\u00e9e par une personne n\u2019appartenant pas \u00e0 TDSP; d) en cas de retrait ou de modification du num\u00e9ro de s\u00e9rie TDSP ou de l\u2019identification du produit; e) en cas d\u2019exposition du produit \u00e0 la chaleur, au froid, au soleil, \u00e0 l\u2019eau ou \u00e0 d\u2019autres liquides, aux produits chimiques, aux animaux, \u00e0 la poussi\u00e8re, au sable ou \u00e0 d\u2019autres salet\u00e9s; f) aux personnes ayant achet\u00e9 le produit d\u2019occasion; ou (g) \u00e0 des \u00e9v\u00e9nements hors du contr\u00f4le de TDSP, y compris, sans s\u2019y limiter, actes de vandalisme, incendie, temp\u00eates, tremblements de terre, inondations ou catastrophes naturelles. Aucun fournisseur, d\u00e9taillant, revendeur, repr\u00e9sentant ou employ\u00e9 de TDSP n\u2019est autoris\u00e9 \u00e0 effectuer de modification, d\u2019extension ou d\u2019ajout \u00e0 cette garantie.<\/p>\n<p>L\u2019\u00e9tendue de la responsabilit\u00e9 de TDSP dans le cadre de cette garantie est limit\u00e9e \u00e0 la r\u00e9paration ou au remplacement expliqu\u00e9 ci-dessus, et en aucun cas la responsabilit\u00e9 de l\u2019entreprise ne saura d\u00e9passer le prix d\u2019achat pay\u00e9.<\/p>\n<p>Dans la limite permise par la loi, cette garantie et les solutions d\u00e9taill\u00e9es ci-dessus sont \u00e0 l\u2019exclusion et en remplacement de toute autre garantie, solution ou condition, verbale ou \u00e9crite, expresse ou implicite. TDSP rejette particuli\u00e8rement toute garantie implicite y compris sans s\u2019y limiter, les garanties de valeur marchande et d\u2019adaptabilit\u00e9 du produit \u00e0 un usage particulier. Si TDSP ne peut pas rejeter ni exclure les garanties implicites selon la loi applicable, alors, dans la mesure du possible, toute demande faite sous de telles garanties implicites expirera d\u00e8s l\u2019expiration de la P\u00e9riode de garantie.<\/p>\n<p>Dans la limite permise par la loi, TDSP n\u2019est pas responsable des dommages directs, sp\u00e9ciaux, accessoires ou cons\u00e9cutifs r\u00e9sultant d\u2019une rupture de la garantie ou des conditions du produit, ou dans le cadre de toute autre th\u00e9orie juridique.<\/p>\n<p>Cette Garantie limit\u00e9e et tout litige r\u00e9sultant de, ou en lien avec, cette Garantie limit\u00e9e ou l\u2019\u00e9tat du produit, la documentation ou l\u2019emballage (\u00ab&nbsp;Litige&nbsp;\u00bb) sera r\u00e9gl\u00e9e selon les lois de la province de Qu\u00e9bec, Canada, sans \u00e9gard pour les principes de conflit de lois. La Convention (des Nations Unies) sur les contrats de vente internationale de marchandises ne s\u2019applique pas et est sp\u00e9cifiquement exclue. Les tribunaux du district judiciaire de Montr\u00e9al, province de Qu\u00e9bec, Canada auront comp\u00e9tence et seront le forum exclusif pour la r\u00e9solution du Litige.<\/p>\n<p>CETTE GARANTIE NE PEUT PAS \u00caTRE C\u00c9D\u00c9E NI TRANSF\u00c9R\u00c9E.<\/p>\n<p>Si une quelconque section de cette Garantie limit\u00e9e s\u2019av\u00e9rait ill\u00e9gale, nulle ou non-ex\u00e9cutoire, cette section devrait \u00eatre consid\u00e9r\u00e9e comme individuelle et n\u2019affecterait pas les autres sections. En cas de diff\u00e9rence entre la version anglaise et les autres versions de cette Garantie limit\u00e9e, la version anglaise pr\u00e9vaudra.<\/p>\n<p>  [:fr]<\/p>\n<p style=\"text-align: center;\"><strong><u>TECHNOLOGIES DIGI-SAT PLUS INC.<\/u><\/strong><\/p>\n<p style=\"text-align: center;\"><strong><u>GARANTIE LIMIT\u00c9E DE 2 ANS<\/u><\/strong><\/p>\n<p style=\"text-align: center;\"><strong><u>R\u00c9CEPTEUR DIGITAL EXPRESS<\/p>\n<p><\/u><\/strong><\/p>\n<p>TECHNOLOGIES DIGI-SAT PLUS INC. (\u00ab TDSP \u00bb) garantit \u00e0 l\u2019acheteur original que ce produit, lorsqu\u2019il est achet\u00e9 maintenant dans son emballage d\u2019origine et aupr\u00e8s d\u2019un vendeur autoris\u00e9, et lorsqu\u2019il est utilis\u00e9 selon les consignes fournies par TDSP et les recommandations contenues dans les manuels accompagnant le produit, sera remplac\u00e9 en cas de d\u00e9faut de mat\u00e9riel ou de main d\u2019\u0153uvre constat\u00e9 au moment de l\u2019achat et emp\u00eachant le produit de fonctionner de la mani\u00e8re indiqu\u00e9e dans la documentation  l\u2019accompagnant, pendant une p\u00e9riode de deux (2) ans \u00e0 compter de la date d\u2019achat originale, dans son emballage d\u2019origine et aupr\u00e8s d\u2019un vendeur autoris\u00e9 (\u00ab P\u00e9riode de garantie \u00bb).<\/p>\n<p>En cas de d\u00e9faut et qu\u2019une r\u00e9clamation valide soit re\u00e7ue par TDSP dans la P\u00e9riode de garantie, TDSP pourra, selon son choix, (a) r\u00e9parer le produit sans frais \u00e0 l\u2019aide de pi\u00e8ces de rechange neuves ou reconditionn\u00e9es, ou (b) \u00e9changer le produit pour un produit neuf ou fabriqu\u00e9 \u00e0 partir de pi\u00e8ces neuves ou reconditionn\u00e9es et don\u2019t les caract\u00e9ristiques sont au moins \u00e9quivalentes \u00e0 celles du produit original.<\/p>\n<p>Pour effectuer une r\u00e9clamation ou pour obtenir la r\u00e9paration ou le remplacement selon les conditions de cette garantie, veuillez retourner le produit accompagn\u00e9 d\u2019une preuve d\u2019achat, de la description du probl\u00e8me et des frais d\u2019exp\u00e9dition de retour pr\u00e9pay\u00e9s \u00e0 TDSP.<\/p>\n<p>Cette garantie ne s\u2019applique pas : a) aux dommages caus\u00e9s au produit par un accident, une utilisation abusive, une utilisation impropre, une mauvaise utilisation; b) aux dommages caus\u00e9s lors de l\u2019entretien ou de la r\u00e9paration effectu\u00e9e par une personne n\u2019appartenant pas \u00e0 TDSP; (c) \u00e0 un produit ou une pi\u00e8ce qui a \u00e9t\u00e9 alt\u00e9r\u00e9e ou modifi\u00e9e par une personne n\u2019appartenant pas \u00e0 TDSP; d) en cas de retrait ou de modification du num\u00e9ro de s\u00e9rie TDSP ou de l\u2019identification du produit; e) en cas d\u2019exposition du produit \u00e0 la chaleur, au froid, au soleil, \u00e0 l\u2019eau ou \u00e0 d\u2019autres liquides, aux produits chimiques, aux animaux, \u00e0 la poussi\u00e8re, au sable ou \u00e0 d\u2019autres salet\u00e9s; f) aux personnes ayant achet\u00e9 le produit d\u2019occasion; ou (g) \u00e0 des \u00e9v\u00e9nements hors du contr\u00f4le de TDSP, y compris, sans s\u2019y limiter, actes de vandalisme, incendie, temp\u00eates, tremblements de terre, inondations ou catastrophes naturelles. Aucun fournisseur, d\u00e9taillant, revendeur, repr\u00e9sentant ou employ\u00e9 de TDSP n\u2019est autoris\u00e9 \u00e0 effectuer de modification, d\u2019extension ou d\u2019ajout \u00e0 cette garantie.<\/p>\n<p>L\u2019\u00e9tendue de la responsabilit\u00e9 de TDSP dans le cadre de cette garantie est limit\u00e9e \u00e0 la r\u00e9paration ou au remplacement expliqu\u00e9 ci-dessus, et en aucun cas la responsabilit\u00e9 de l\u2019entreprise ne saura d\u00e9passer le prix d\u2019achat pay\u00e9.<\/p>\n<p>Dans la limite permise par la loi, cette garantie et les solutions d\u00e9taill\u00e9es ci-dessus sont \u00e0 l\u2019exclusion et en remplacement de toute autre garantie, solution ou condition, verbale ou \u00e9crite, expresse ou implicite. TDSP rejette particuli\u00e8rement toute garantie implicite y compris sans s\u2019y limiter, les garanties de valeur marchande et d\u2019adaptabilit\u00e9 du produit \u00e0 un usage particulier. Si TDSP ne peut pas rejeter ni exclure les garanties implicites selon la loi applicable, alors, dans la mesure du possible, toute demande faite sous de telles garanties implicites expirera d\u00e8s l\u2019expiration de la P\u00e9riode de garantie.<\/p>\n<p>Dans la limite permise par la loi, TDSP n\u2019est pas responsable des dommages directs, sp\u00e9ciaux, accessoires ou cons\u00e9cutifs r\u00e9sultant d\u2019une rupture de la garantie ou des conditions du produit, ou dans le cadre de toute autre th\u00e9orie juridique.<\/p>\n<p>Cette Garantie limit\u00e9e et tout litige r\u00e9sultant de, ou en lien avec, cette Garantie limit\u00e9e ou l\u2019\u00e9tat du produit, la documentation ou l\u2019emballage (\u00ab Litige \u00bb) sera r\u00e9gl\u00e9e selon les lois de la province de Qu\u00e9bec, Canada, sans \u00e9gard pour les principes de conflit de lois. La Convention (des Nations Unies) sur les contrats de vente internationale de marchandises ne s\u2019applique pas et est sp\u00e9cifiquement exclue. Les tribunaux du district judiciaire de Montr\u00e9al, province de Qu\u00e9bec, Canada auront comp\u00e9tence et seront le forum exclusif pour la r\u00e9solution du Litige.<\/p>\n<p>CETTE GARANTIE NE PEUT PAS \u00caTRE C\u00c9D\u00c9E NI TRANSF\u00c9R\u00c9E.<\/p>\n<p>Si une quelconque section de cette Garantie limit\u00e9e s\u2019av\u00e9rait ill\u00e9gale, nulle ou non-ex\u00e9cutoire, cette section devrait \u00eatre consid\u00e9r\u00e9e comme individuelle et n\u2019affecterait pas les autres sections. En cas de diff\u00e9rence entre la version anglaise et les autres versions de cette Garantie limit\u00e9e, la version anglaise pr\u00e9vaudra[:][\/et_pb_text][\/et_pb_column][\/et_pb_row][\/et_pb_section]<\/p>\n","protected":false},"excerpt":{"rendered":"<p>\u00c9QUIPEMENT DE TRADUCTION DANS VOTRE VILLE Garantie [:fr] Veuillez communiquer avec le centre de service \u00e0 :support@dsptech.comou appelez-nous directement au (514) 883-3000. Les r\u00e9cepteurs Digital Express\u2122 comprennent deux ans de garantie limit\u00e9e explicite qui couvre les d\u00e9fauts de mat\u00e9riel \u00e0 condition d\u2019usage et d\u2019entretien normal.* Dans le cas peu probable que votre r\u00e9cepteur Digital Express\u2122 [&hellip;]<\/p>\n","protected":false},"author":1,"featured_media":0,"parent":0,"menu_order":0,"comment_status":"closed","ping_status":"closed","template":"","meta":{"_et_pb_use_builder":"on","_et_pb_old_content":"","_et_gb_content_width":"","footnotes":""},"class_list":["post-3814","page","type-page","status-publish","hentry"],"yoast_head":"<!-- This site is optimized with the Yoast SEO plugin v27.3 - https:\/\/yoast.com\/product\/yoast-seo-wordpress\/ -->\n<title>Garantie - DSPTECH<\/title>\n<meta name=\"description\" content=\"\u00c9QUIPEMENT DE TRADUCTION DANS VOTRE VILLE Garantie [:fr] Veuillez communiquer avec le centre de service \u00e0 : &#xe076; support@dsptech.com ou appelez-nous directement au (514) 883-3000. Les r\u00e9cepteurs Digital Express\u2122 comprennent deux ans de garan\" \/>\n<meta name=\"robots\" content=\"index, follow, max-snippet:-1, max-image-preview:large, max-video-preview:-1\" \/>\n<link rel=\"canonical\" href=\"https:\/\/dsptech.com\/fr\/garantie\/\" \/>\n<meta property=\"og:locale\" content=\"fr_CA\" \/>\n<meta property=\"og:type\" content=\"article\" \/>\n<meta property=\"og:title\" content=\"Garantie - DSPTECH\" \/>\n<meta property=\"og:url\" content=\"https:\/\/dsptech.com\/fr\/garantie\/\" \/>\n<meta property=\"og:site_name\" content=\"DSPTECH\" \/>\n<meta property=\"article:modified_time\" content=\"2021-12-06T17:13:42+00:00\" \/>\n<meta name=\"twitter:card\" content=\"summary_large_image\" \/>\n<meta name=\"twitter:label1\" content=\"Estimation du temps de lecture\" \/>\n\t<meta name=\"twitter:data1\" content=\"11 minutes\" \/>\n<script type=\"application\/ld+json\" class=\"yoast-schema-graph\">{\"@context\":\"https:\\\/\\\/schema.org\",\"@graph\":[{\"@type\":\"WebPage\",\"@id\":\"https:\\\/\\\/dsptech.com\\\/fr\\\/garantie\\\/\",\"url\":\"https:\\\/\\\/dsptech.com\\\/fr\\\/garantie\\\/\",\"name\":\"Garantie - DSPTECH\",\"isPartOf\":{\"@id\":\"https:\\\/\\\/dsptech.com\\\/#website\"},\"datePublished\":\"2021-12-06T17:13:39+00:00\",\"dateModified\":\"2021-12-06T17:13:42+00:00\",\"breadcrumb\":{\"@id\":\"https:\\\/\\\/dsptech.com\\\/fr\\\/garantie\\\/#breadcrumb\"},\"inLanguage\":\"fr-CA\",\"potentialAction\":[{\"@type\":\"ReadAction\",\"target\":[\"https:\\\/\\\/dsptech.com\\\/fr\\\/garantie\\\/\"]}]},{\"@type\":\"BreadcrumbList\",\"@id\":\"https:\\\/\\\/dsptech.com\\\/fr\\\/garantie\\\/#breadcrumb\",\"itemListElement\":[{\"@type\":\"ListItem\",\"position\":1,\"name\":\"Home\",\"item\":\"https:\\\/\\\/dsptech.com\\\/\"},{\"@type\":\"ListItem\",\"position\":2,\"name\":\"Garantie\"}]},{\"@type\":\"WebSite\",\"@id\":\"https:\\\/\\\/dsptech.com\\\/#website\",\"url\":\"https:\\\/\\\/dsptech.com\\\/\",\"name\":\"DSPTECH\",\"description\":\"Simultaneous Interpretations, Translation Equipment Systems\",\"potentialAction\":[{\"@type\":\"SearchAction\",\"target\":{\"@type\":\"EntryPoint\",\"urlTemplate\":\"https:\\\/\\\/dsptech.com\\\/?s={search_term_string}\"},\"query-input\":{\"@type\":\"PropertyValueSpecification\",\"valueRequired\":true,\"valueName\":\"search_term_string\"}}],\"inLanguage\":\"fr-CA\"}]}<\/script>\n<!-- \/ Yoast SEO plugin. -->","yoast_head_json":{"title":"Garantie - DSPTECH","description":"\u00c9QUIPEMENT DE TRADUCTION DANS VOTRE VILLE Garantie [:fr] Veuillez communiquer avec le centre de service \u00e0 : &#xe076; support@dsptech.com ou appelez-nous directement au (514) 883-3000. Les r\u00e9cepteurs Digital Express\u2122 comprennent deux ans de garan","robots":{"index":"index","follow":"follow","max-snippet":"max-snippet:-1","max-image-preview":"max-image-preview:large","max-video-preview":"max-video-preview:-1"},"canonical":"https:\/\/dsptech.com\/fr\/garantie\/","og_locale":"fr_CA","og_type":"article","og_title":"Garantie - DSPTECH","og_url":"https:\/\/dsptech.com\/fr\/garantie\/","og_site_name":"DSPTECH","article_modified_time":"2021-12-06T17:13:42+00:00","twitter_card":"summary_large_image","twitter_misc":{"Estimation du temps de lecture":"11 minutes"},"schema":{"@context":"https:\/\/schema.org","@graph":[{"@type":"WebPage","@id":"https:\/\/dsptech.com\/fr\/garantie\/","url":"https:\/\/dsptech.com\/fr\/garantie\/","name":"Garantie - DSPTECH","isPartOf":{"@id":"https:\/\/dsptech.com\/#website"},"datePublished":"2021-12-06T17:13:39+00:00","dateModified":"2021-12-06T17:13:42+00:00","breadcrumb":{"@id":"https:\/\/dsptech.com\/fr\/garantie\/#breadcrumb"},"inLanguage":"fr-CA","potentialAction":[{"@type":"ReadAction","target":["https:\/\/dsptech.com\/fr\/garantie\/"]}]},{"@type":"BreadcrumbList","@id":"https:\/\/dsptech.com\/fr\/garantie\/#breadcrumb","itemListElement":[{"@type":"ListItem","position":1,"name":"Home","item":"https:\/\/dsptech.com\/"},{"@type":"ListItem","position":2,"name":"Garantie"}]},{"@type":"WebSite","@id":"https:\/\/dsptech.com\/#website","url":"https:\/\/dsptech.com\/","name":"DSPTECH","description":"Simultaneous Interpretations, Translation Equipment Systems","potentialAction":[{"@type":"SearchAction","target":{"@type":"EntryPoint","urlTemplate":"https:\/\/dsptech.com\/?s={search_term_string}"},"query-input":{"@type":"PropertyValueSpecification","valueRequired":true,"valueName":"search_term_string"}}],"inLanguage":"fr-CA"}]}},"_links":{"self":[{"href":"https:\/\/dsptech.com\/fr\/wp-json\/wp\/v2\/pages\/3814","targetHints":{"allow":["GET"]}}],"collection":[{"href":"https:\/\/dsptech.com\/fr\/wp-json\/wp\/v2\/pages"}],"about":[{"href":"https:\/\/dsptech.com\/fr\/wp-json\/wp\/v2\/types\/page"}],"author":[{"embeddable":true,"href":"https:\/\/dsptech.com\/fr\/wp-json\/wp\/v2\/users\/1"}],"replies":[{"embeddable":true,"href":"https:\/\/dsptech.com\/fr\/wp-json\/wp\/v2\/comments?post=3814"}],"version-history":[{"count":1,"href":"https:\/\/dsptech.com\/fr\/wp-json\/wp\/v2\/pages\/3814\/revisions"}],"predecessor-version":[{"id":3820,"href":"https:\/\/dsptech.com\/fr\/wp-json\/wp\/v2\/pages\/3814\/revisions\/3820"}],"wp:attachment":[{"href":"https:\/\/dsptech.com\/fr\/wp-json\/wp\/v2\/media?parent=3814"}],"curies":[{"name":"wp","href":"https:\/\/api.w.org\/{rel}","templated":true}]}}