{"id":4412,"date":"2022-06-30T16:03:07","date_gmt":"2022-06-30T20:03:07","guid":{"rendered":"https:\/\/dsptech.com\/blog\/"},"modified":"2022-06-30T16:03:18","modified_gmt":"2022-06-30T20:03:18","slug":"blog","status":"publish","type":"page","link":"https:\/\/dsptech.com\/fr\/blog\/","title":{"rendered":"Blog"},"content":{"rendered":"<div id=\"bdpp-post-list-1\" class=\"bdpp-wrap bdpp-lite bdpp-post-list-wrap bdpp-post-data-wrap bdpp-design-1  bdpp-clearfix\">\r\n\t<div class=\"bdpp-post-list-inr-wrap bdpp-post-data-inr-wrap bdpp-clearfix\"><div class=\"bdpp-post-list-main bdpp-post-4613 bdpp-post-standard bdpp-has-thumb\">\r\n\t<div class=\"bdpp-post-list-content bdpp-clearfix\">\r\n\t\t\t\t<div class=\"bdpp-post-list-left bdpp-col-2 bdpp-columns\">\r\n\t\t\t<div class=\"bdpp-post-img-bg\">\r\n\t\t\t\t<a href=\"https:\/\/dsptech.com\/fr\/quelle-est-la-difference-entre-linterpretation-simultanee-et-linterpretation-consecutive-2\/\">\r\n\t\t\t\t\t<img decoding=\"async\" src=\"https:\/\/dsptech.com\/wp-content\/uploads\/2022\/06\/interpretation-simultanee.jpg\" class=\"bdpp-img bdpp-post-feat-img\" alt=\"Quelle est la diff\u00e9rence entre l\u2019interpr\u00e9tation simultan\u00e9e et l\u2019interpr\u00e9tation cons\u00e9cutive?\" \/>\r\n\t\t\t\t\t\t\t\t\t<\/a>\r\n\t\t\t<\/div>\r\n\t\t<\/div>\r\n\t\t\r\n\t\t<div class=\"bdpp-post-list-right bdpp-col-2 bdpp-columns\">\r\n\t\t\t\t\t\t<div class=\"bdpp-post-cats\"><a class=\"bdpp-post-cat-link bdpp-post-cat-153 bdpp-post-cat-interpretation-simultanee\" href=\"https:\/\/dsptech.com\/fr\/category\/interpretation-simultanee\/\">interpr\u00e9tation simultan\u00e9e<\/a><\/div>\r\n\t\t\t\r\n\t\t\t<h2 class=\"bdpp-post-title\">\r\n\t\t\t\t<a href=\"https:\/\/dsptech.com\/fr\/quelle-est-la-difference-entre-linterpretation-simultanee-et-linterpretation-consecutive-2\/\">Quelle est la diff\u00e9rence entre l\u2019interpr\u00e9tation simultan\u00e9e et l\u2019interpr\u00e9tation cons\u00e9cutive?<\/a>\r\n\t\t\t<\/h2>\r\n\r\n\t\t\t\t\t\t<div class=\"bdpp-post-meta bdpp-post-meta-up\">\r\n\t\t\t\t<span class=\"bdpp-post-meta-data bdpp-post-author\"><i class=\"bdpp-fa fa-solid fa-user\"><\/i>Antonin<\/span><span class=\"bdpp-post-meta-sep\"> &ndash; <\/span><span class=\"bdpp-post-meta-data bdpp-post-date\"><i class=\"bdpp-fa fa-regular fa-clock\"><\/i>2 novembre 2022<\/span>\t\t\t<\/div>\r\n\t\t\t\t\t\t<div class=\"bdpp-post-content\">\r\n\t\t\t\t<div class=\"bdpp-post-desc\">Lorsqu\u2019une personne parle une langue A, l\u2019interpr\u00e8te se charge ensuite de la traduire dans une langue B. C\u2019est ce qu\u2019on...<\/div>\r\n\t\t\t\t\t\t\t\t\t<a href=\"https:\/\/dsptech.com\/fr\/quelle-est-la-difference-entre-linterpretation-simultanee-et-linterpretation-consecutive-2\/\" class=\"bdpp-rdmr-btn\">Read More<\/a>\r\n\t\t\t\t\t\t\t<\/div>\r\n\t\t\t\t\t<\/div>\r\n\t<\/div>\r\n<\/div><div class=\"bdpp-post-list-main bdpp-post-4406 bdpp-post-standard bdpp-has-thumb\">\r\n\t<div class=\"bdpp-post-list-content bdpp-clearfix\">\r\n\t\t\t\t<div class=\"bdpp-post-list-left bdpp-col-2 bdpp-columns\">\r\n\t\t\t<div class=\"bdpp-post-img-bg\">\r\n\t\t\t\t<a href=\"https:\/\/dsptech.com\/fr\/7-choses-a-savoir-sur-lequipement-dinterpretation-simultanee-au-demarrage\/\">\r\n\t\t\t\t\t<img decoding=\"async\" src=\"https:\/\/dsptech.com\/wp-content\/uploads\/2022\/06\/simultaneous-system.jpg\" class=\"bdpp-img bdpp-post-feat-img\" alt=\"7 choses \u00e0 savoir sur l\u2019\u00e9quipement d\u2019interpr\u00e9tation simultan\u00e9e au d\u00e9marrage\" \/>\r\n\t\t\t\t\t\t\t\t\t<\/a>\r\n\t\t\t<\/div>\r\n\t\t<\/div>\r\n\t\t\r\n\t\t<div class=\"bdpp-post-list-right bdpp-col-2 bdpp-columns\">\r\n\t\t\t\t\t\t<div class=\"bdpp-post-cats\"><a class=\"bdpp-post-cat-link bdpp-post-cat-153 bdpp-post-cat-interpretation-simultanee\" href=\"https:\/\/dsptech.com\/fr\/category\/interpretation-simultanee\/\">interpr\u00e9tation simultan\u00e9e<\/a><\/div>\r\n\t\t\t\r\n\t\t\t<h2 class=\"bdpp-post-title\">\r\n\t\t\t\t<a href=\"https:\/\/dsptech.com\/fr\/7-choses-a-savoir-sur-lequipement-dinterpretation-simultanee-au-demarrage\/\">7 choses \u00e0 savoir sur l\u2019\u00e9quipement d\u2019interpr\u00e9tation simultan\u00e9e au d\u00e9marrage<\/a>\r\n\t\t\t<\/h2>\r\n\r\n\t\t\t\t\t\t<div class=\"bdpp-post-meta bdpp-post-meta-up\">\r\n\t\t\t\t<span class=\"bdpp-post-meta-data bdpp-post-author\"><i class=\"bdpp-fa fa-solid fa-user\"><\/i>Admin_dsptech<\/span><span class=\"bdpp-post-meta-sep\"> &ndash; <\/span><span class=\"bdpp-post-meta-data bdpp-post-date\"><i class=\"bdpp-fa fa-regular fa-clock\"><\/i>30 juin 2022<\/span><span class=\"bdpp-post-meta-sep\"> &ndash; <\/span><span class=\"bdpp-post-meta-data bdpp-post-comments\"><i class=\"bdpp-fa fa-solid fa-comments\"><\/i>1 Reply<\/span>\t\t\t<\/div>\r\n\t\t\t\t\t\t<div class=\"bdpp-post-content\">\r\n\t\t\t\t<div class=\"bdpp-post-desc\">Les conf\u00e9rences et symposiums internationaux rassemblent des personnes d\u2019horizons diff\u00e9rents qui parlent diff\u00e9rentes langues. Par cons\u00e9quent, pour que tout le...<\/div>\r\n\t\t\t\t\t\t\t\t\t<a href=\"https:\/\/dsptech.com\/fr\/7-choses-a-savoir-sur-lequipement-dinterpretation-simultanee-au-demarrage\/\" class=\"bdpp-rdmr-btn\">Read More<\/a>\r\n\t\t\t\t\t\t\t<\/div>\r\n\t\t\t\t\t<\/div>\r\n\t<\/div>\r\n<\/div><div class=\"bdpp-post-list-main bdpp-post-4405 bdpp-post-standard bdpp-has-thumb\">\r\n\t<div class=\"bdpp-post-list-content bdpp-clearfix\">\r\n\t\t\t\t<div class=\"bdpp-post-list-left bdpp-col-2 bdpp-columns\">\r\n\t\t\t<div class=\"bdpp-post-img-bg\">\r\n\t\t\t\t<a href=\"https:\/\/dsptech.com\/fr\/comment-choisir-le-meilleur-equipement-dinterpretation-simultanee-pour-une-visite-guidee\/\">\r\n\t\t\t\t\t<img decoding=\"async\" src=\"https:\/\/dsptech.com\/wp-content\/uploads\/2022\/06\/guide-tour.jpg\" class=\"bdpp-img bdpp-post-feat-img\" alt=\"Comment choisir le meilleur \u00e9quipement d\u2019interpr\u00e9tation simultan\u00e9e pour une visite guid\u00e9e ?\" \/>\r\n\t\t\t\t\t\t\t\t\t<\/a>\r\n\t\t\t<\/div>\r\n\t\t<\/div>\r\n\t\t\r\n\t\t<div class=\"bdpp-post-list-right bdpp-col-2 bdpp-columns\">\r\n\t\t\t\t\t\t<div class=\"bdpp-post-cats\"><a class=\"bdpp-post-cat-link bdpp-post-cat-154 bdpp-post-cat-guide\" href=\"https:\/\/dsptech.com\/fr\/category\/guide\/\">guide<\/a><\/div>\r\n\t\t\t\r\n\t\t\t<h2 class=\"bdpp-post-title\">\r\n\t\t\t\t<a href=\"https:\/\/dsptech.com\/fr\/comment-choisir-le-meilleur-equipement-dinterpretation-simultanee-pour-une-visite-guidee\/\">Comment choisir le meilleur \u00e9quipement d\u2019interpr\u00e9tation simultan\u00e9e pour une visite guid\u00e9e ?<\/a>\r\n\t\t\t<\/h2>\r\n\r\n\t\t\t\t\t\t<div class=\"bdpp-post-meta bdpp-post-meta-up\">\r\n\t\t\t\t<span class=\"bdpp-post-meta-data bdpp-post-author\"><i class=\"bdpp-fa fa-solid fa-user\"><\/i>Admin_dsptech<\/span><span class=\"bdpp-post-meta-sep\"> &ndash; <\/span><span class=\"bdpp-post-meta-data bdpp-post-date\"><i class=\"bdpp-fa fa-regular fa-clock\"><\/i>30 juin 2022<\/span>\t\t\t<\/div>\r\n\t\t\t\t\t\t<div class=\"bdpp-post-content\">\r\n\t\t\t\t<div class=\"bdpp-post-desc\">La plupart du temps, lors de l\u2019organisation d\u2019une visite guid\u00e9e avec des personnes importantes de pays \u00e9trangers, plusieurs interpr\u00e8tes professionnels...<\/div>\r\n\t\t\t\t\t\t\t\t\t<a href=\"https:\/\/dsptech.com\/fr\/comment-choisir-le-meilleur-equipement-dinterpretation-simultanee-pour-une-visite-guidee\/\" class=\"bdpp-rdmr-btn\">Read More<\/a>\r\n\t\t\t\t\t\t\t<\/div>\r\n\t\t\t\t\t<\/div>\r\n\t<\/div>\r\n<\/div><div class=\"bdpp-post-list-main bdpp-post-4404 bdpp-post-standard bdpp-has-thumb\">\r\n\t<div class=\"bdpp-post-list-content bdpp-clearfix\">\r\n\t\t\t\t<div class=\"bdpp-post-list-left bdpp-col-2 bdpp-columns\">\r\n\t\t\t<div class=\"bdpp-post-img-bg\">\r\n\t\t\t\t<a href=\"https:\/\/dsptech.com\/fr\/quelle-est-la-difference-entre-linterpretation-simultanee-et-linterpretation-consecutive\/\">\r\n\t\t\t\t\t<img decoding=\"async\" src=\"https:\/\/dsptech.com\/wp-content\/uploads\/2022\/06\/system-d-interpretation.jpg\" class=\"bdpp-img bdpp-post-feat-img\" alt=\"Quelle est la diff\u00e9rence entre l\u2019interpr\u00e9tation simultan\u00e9e et l\u2019interpr\u00e9tation cons\u00e9cutive?\" \/>\r\n\t\t\t\t\t\t\t\t\t<\/a>\r\n\t\t\t<\/div>\r\n\t\t<\/div>\r\n\t\t\r\n\t\t<div class=\"bdpp-post-list-right bdpp-col-2 bdpp-columns\">\r\n\t\t\t\t\t\t<div class=\"bdpp-post-cats\"><a class=\"bdpp-post-cat-link bdpp-post-cat-153 bdpp-post-cat-interpretation-simultanee\" href=\"https:\/\/dsptech.com\/fr\/category\/interpretation-simultanee\/\">interpr\u00e9tation simultan\u00e9e<\/a><\/div>\r\n\t\t\t\r\n\t\t\t<h2 class=\"bdpp-post-title\">\r\n\t\t\t\t<a href=\"https:\/\/dsptech.com\/fr\/quelle-est-la-difference-entre-linterpretation-simultanee-et-linterpretation-consecutive\/\">Quelle est la diff\u00e9rence entre l\u2019interpr\u00e9tation simultan\u00e9e et l\u2019interpr\u00e9tation cons\u00e9cutive?<\/a>\r\n\t\t\t<\/h2>\r\n\r\n\t\t\t\t\t\t<div class=\"bdpp-post-meta bdpp-post-meta-up\">\r\n\t\t\t\t<span class=\"bdpp-post-meta-data bdpp-post-author\"><i class=\"bdpp-fa fa-solid fa-user\"><\/i>Admin_dsptech<\/span><span class=\"bdpp-post-meta-sep\"> &ndash; <\/span><span class=\"bdpp-post-meta-data bdpp-post-date\"><i class=\"bdpp-fa fa-regular fa-clock\"><\/i>30 juin 2022<\/span>\t\t\t<\/div>\r\n\t\t\t\t\t\t<div class=\"bdpp-post-content\">\r\n\t\t\t\t<div class=\"bdpp-post-desc\">Lorsqu\u2019une personne parle une langue A, l\u2019interpr\u00e8te la traduit en langue B. C\u2019est ce qu\u2019on appelle l\u2019interpr\u00e9tation. C\u2019est une fa\u00e7on...<\/div>\r\n\t\t\t\t\t\t\t\t\t<a href=\"https:\/\/dsptech.com\/fr\/quelle-est-la-difference-entre-linterpretation-simultanee-et-linterpretation-consecutive\/\" class=\"bdpp-rdmr-btn\">Read More<\/a>\r\n\t\t\t\t\t\t\t<\/div>\r\n\t\t\t\t\t<\/div>\r\n\t<\/div>\r\n<\/div>\t<\/div>\r\n\t<\/div>\n","protected":false},"excerpt":{"rendered":"","protected":false},"author":1,"featured_media":0,"parent":0,"menu_order":0,"comment_status":"closed","ping_status":"closed","template":"","meta":{"_et_pb_use_builder":"","_et_pb_old_content":"","_et_gb_content_width":"","footnotes":""},"class_list":["post-4412","page","type-page","status-publish","hentry"],"yoast_head":"<!-- This site is optimized with the Yoast SEO plugin v27.3 - https:\/\/yoast.com\/product\/yoast-seo-wordpress\/ -->\n<title>Blog - DSPTECH<\/title>\n<meta name=\"description\" content=\"Lorsqu\u2019une personne parle une langue A, l\u2019interpr\u00e8te la traduit en langue B. C\u2019est ce qu\u2019on appelle l\u2019interpr\u00e9tation. C\u2019est une fa\u00e7on de traduire verbalement un discours, par opposition \u00e0 la traduction qui consiste \u00e0 transcrire une c\" \/>\n<meta name=\"robots\" content=\"index, follow, max-snippet:-1, max-image-preview:large, max-video-preview:-1\" \/>\n<link rel=\"canonical\" href=\"https:\/\/dsptech.com\/fr\/blog\/\" \/>\n<meta property=\"og:locale\" content=\"fr_CA\" \/>\n<meta property=\"og:type\" content=\"article\" \/>\n<meta property=\"og:title\" content=\"Blog - DSPTECH\" \/>\n<meta property=\"og:url\" content=\"https:\/\/dsptech.com\/fr\/blog\/\" \/>\n<meta property=\"og:site_name\" content=\"DSPTECH\" \/>\n<meta property=\"article:modified_time\" content=\"2022-06-30T20:03:18+00:00\" \/>\n<meta name=\"twitter:card\" content=\"summary_large_image\" \/>\n<script type=\"application\/ld+json\" class=\"yoast-schema-graph\">{\"@context\":\"https:\\\/\\\/schema.org\",\"@graph\":[{\"@type\":\"WebPage\",\"@id\":\"https:\\\/\\\/dsptech.com\\\/fr\\\/blog\\\/\",\"url\":\"https:\\\/\\\/dsptech.com\\\/fr\\\/blog\\\/\",\"name\":\"Blog - DSPTECH\",\"isPartOf\":{\"@id\":\"https:\\\/\\\/dsptech.com\\\/#website\"},\"datePublished\":\"2022-06-30T20:03:07+00:00\",\"dateModified\":\"2022-06-30T20:03:18+00:00\",\"breadcrumb\":{\"@id\":\"https:\\\/\\\/dsptech.com\\\/fr\\\/blog\\\/#breadcrumb\"},\"inLanguage\":\"fr-CA\",\"potentialAction\":[{\"@type\":\"ReadAction\",\"target\":[\"https:\\\/\\\/dsptech.com\\\/fr\\\/blog\\\/\"]}]},{\"@type\":\"BreadcrumbList\",\"@id\":\"https:\\\/\\\/dsptech.com\\\/fr\\\/blog\\\/#breadcrumb\",\"itemListElement\":[{\"@type\":\"ListItem\",\"position\":1,\"name\":\"Home\",\"item\":\"https:\\\/\\\/dsptech.com\\\/\"},{\"@type\":\"ListItem\",\"position\":2,\"name\":\"Blog\"}]},{\"@type\":\"WebSite\",\"@id\":\"https:\\\/\\\/dsptech.com\\\/#website\",\"url\":\"https:\\\/\\\/dsptech.com\\\/\",\"name\":\"DSPTECH\",\"description\":\"Simultaneous Interpretations, Translation Equipment Systems\",\"potentialAction\":[{\"@type\":\"SearchAction\",\"target\":{\"@type\":\"EntryPoint\",\"urlTemplate\":\"https:\\\/\\\/dsptech.com\\\/?s={search_term_string}\"},\"query-input\":{\"@type\":\"PropertyValueSpecification\",\"valueRequired\":true,\"valueName\":\"search_term_string\"}}],\"inLanguage\":\"fr-CA\"}]}<\/script>\n<!-- \/ Yoast SEO plugin. -->","yoast_head_json":{"title":"Blog - DSPTECH","description":"Lorsqu\u2019une personne parle une langue A, l\u2019interpr\u00e8te la traduit en langue B. C\u2019est ce qu\u2019on appelle l\u2019interpr\u00e9tation. C\u2019est une fa\u00e7on de traduire verbalement un discours, par opposition \u00e0 la traduction qui consiste \u00e0 transcrire une c","robots":{"index":"index","follow":"follow","max-snippet":"max-snippet:-1","max-image-preview":"max-image-preview:large","max-video-preview":"max-video-preview:-1"},"canonical":"https:\/\/dsptech.com\/fr\/blog\/","og_locale":"fr_CA","og_type":"article","og_title":"Blog - DSPTECH","og_url":"https:\/\/dsptech.com\/fr\/blog\/","og_site_name":"DSPTECH","article_modified_time":"2022-06-30T20:03:18+00:00","twitter_card":"summary_large_image","schema":{"@context":"https:\/\/schema.org","@graph":[{"@type":"WebPage","@id":"https:\/\/dsptech.com\/fr\/blog\/","url":"https:\/\/dsptech.com\/fr\/blog\/","name":"Blog - DSPTECH","isPartOf":{"@id":"https:\/\/dsptech.com\/#website"},"datePublished":"2022-06-30T20:03:07+00:00","dateModified":"2022-06-30T20:03:18+00:00","breadcrumb":{"@id":"https:\/\/dsptech.com\/fr\/blog\/#breadcrumb"},"inLanguage":"fr-CA","potentialAction":[{"@type":"ReadAction","target":["https:\/\/dsptech.com\/fr\/blog\/"]}]},{"@type":"BreadcrumbList","@id":"https:\/\/dsptech.com\/fr\/blog\/#breadcrumb","itemListElement":[{"@type":"ListItem","position":1,"name":"Home","item":"https:\/\/dsptech.com\/"},{"@type":"ListItem","position":2,"name":"Blog"}]},{"@type":"WebSite","@id":"https:\/\/dsptech.com\/#website","url":"https:\/\/dsptech.com\/","name":"DSPTECH","description":"Simultaneous Interpretations, Translation Equipment Systems","potentialAction":[{"@type":"SearchAction","target":{"@type":"EntryPoint","urlTemplate":"https:\/\/dsptech.com\/?s={search_term_string}"},"query-input":{"@type":"PropertyValueSpecification","valueRequired":true,"valueName":"search_term_string"}}],"inLanguage":"fr-CA"}]}},"_links":{"self":[{"href":"https:\/\/dsptech.com\/fr\/wp-json\/wp\/v2\/pages\/4412","targetHints":{"allow":["GET"]}}],"collection":[{"href":"https:\/\/dsptech.com\/fr\/wp-json\/wp\/v2\/pages"}],"about":[{"href":"https:\/\/dsptech.com\/fr\/wp-json\/wp\/v2\/types\/page"}],"author":[{"embeddable":true,"href":"https:\/\/dsptech.com\/fr\/wp-json\/wp\/v2\/users\/1"}],"replies":[{"embeddable":true,"href":"https:\/\/dsptech.com\/fr\/wp-json\/wp\/v2\/comments?post=4412"}],"version-history":[{"count":1,"href":"https:\/\/dsptech.com\/fr\/wp-json\/wp\/v2\/pages\/4412\/revisions"}],"predecessor-version":[{"id":4413,"href":"https:\/\/dsptech.com\/fr\/wp-json\/wp\/v2\/pages\/4412\/revisions\/4413"}],"wp:attachment":[{"href":"https:\/\/dsptech.com\/fr\/wp-json\/wp\/v2\/media?parent=4412"}],"curies":[{"name":"wp","href":"https:\/\/api.w.org\/{rel}","templated":true}]}}