{"id":4000,"date":"2021-12-06T22:27:24","date_gmt":"2021-12-06T22:27:24","guid":{"rendered":"https:\/\/dsptech.com\/produit\/25-recepteur-pro-interpretation-system-kit-dinterprete-portable-4\/"},"modified":"2021-12-06T22:27:26","modified_gmt":"2021-12-06T22:27:26","slug":"25-recepteur-pro-interpretation-system-kit-dinterprete-portable-4","status":"publish","type":"product","link":"https:\/\/dsptech.com\/fr\/product\/25-recepteur-pro-interpretation-system-kit-dinterprete-portable-4\/","title":{"rendered":"25 R\u00e9cepteur Pro-Interpretation System\/ Kit d\u2019interpr\u00e8te portable"},"content":{"rendered":"<p>[et_pb_section fb_built=\u00a0\u00bb1&Prime; _builder_version=\u00a0\u00bb4.7.1&Prime; custom_padding=\u00a0\u00bb100px||0px||false|false\u00a0\u00bb collapsed=\u00a0\u00bbon\u00a0\u00bb][et_pb_row _builder_version=\u00a0\u00bb3.25&Prime; background_size=\u00a0\u00bbinitial\u00a0\u00bb background_position=\u00a0\u00bbtop_left\u00a0\u00bb background_repeat=\u00a0\u00bbrepeat\u00a0\u00bb width=\u00a0\u00bb100%\u00a0\u00bb custom_padding=\u00a0\u00bb0px||0px||false|false\u00a0\u00bb][et_pb_column type=\u00a0\u00bb4_4&Prime; _builder_version=\u00a0\u00bb3.25&Prime; custom_padding=\u00a0\u00bb|||\u00a0\u00bb custom_padding__hover=\u00a0\u00bb|||\u00a0\u00bb][et_pb_wc_cart_notice _builder_version=\u00a0\u00bb3.0.47&Prime;][\/et_pb_wc_cart_notice][\/et_pb_column][\/et_pb_row][et_pb_row column_structure=\u00a0\u00bb1_2,1_2&Prime; make_equal=\u00a0\u00bbon\u00a0\u00bb _builder_version=\u00a0\u00bb4.7.1&Prime; background_size=\u00a0\u00bbinitial\u00a0\u00bb background_position=\u00a0\u00bbtop_left\u00a0\u00bb background_repeat=\u00a0\u00bbrepeat\u00a0\u00bb width=\u00a0\u00bb100%\u00a0\u00bb custom_padding=\u00a0\u00bb0px||||false|false\u00a0\u00bb][et_pb_column type=\u00a0\u00bb1_2&Prime; _builder_version=\u00a0\u00bb3.25&Prime; custom_padding=\u00a0\u00bb|||\u00a0\u00bb custom_padding__hover=\u00a0\u00bb|||\u00a0\u00bb][et_pb_wc_images _builder_version=\u00a0\u00bb3.0.47&Prime;][\/et_pb_wc_images][et_pb_text _builder_version=\u00a0\u00bb4.7.1&Prime; _module_preset=\u00a0\u00bbdefault\u00a0\u00bb hover_enabled=\u00a0\u00bb0&Prime; sticky_enabled=\u00a0\u00bb0&Prime; locked=\u00a0\u00bboff\u00a0\u00bb]<a class=\"btn_detail_single_products\" type=\"button\" href=\"https:\/\/dsptech.com\/fr\/contactez-nous\/\">ACHETER MAINTENANT <\/a> <a class=\"btn_detail_single_products\" type=\"button\" href=\"https:\/\/dsptech.com\/fr\/contactez-nous\/\">LOUER MAINTENANT<\/a> <button class=\"btn_detail_single_products\" type=\"button\" onclick=\"history.back();\"><back><\/back> &lt;<\/button>[\/et_pb_text][\/et_pb_column][et_pb_column type=\u00a0\u00bb1_2&Prime; _builder_version=\u00a0\u00bb3.25&Prime; custom_padding=\u00a0\u00bb|||\u00a0\u00bb custom_padding__hover=\u00a0\u00bb|||\u00a0\u00bb][et_pb_wc_title _builder_version=\u00a0\u00bb3.0.47&Prime; header_level=\u00a0\u00bbh3&Prime; header_font=\u00a0\u00bbLato|700|||||||\u00a0\u00bb header_font_size=\u00a0\u00bb28px\u00a0\u00bb custom_margin=\u00a0\u00bb||23px|||\u00a0\u00bb][\/et_pb_wc_title][et_pb_blurb title=\u00a0\u00bbMOD\u00c8LE: DSPT-K25PT37&Prime; use_icon=\u00a0\u00bbon\u00a0\u00bb _builder_version=\u00a0\u00bb4.7.1&Prime; _module_preset=\u00a0\u00bbdefault\u00a0\u00bb header_font=\u00a0\u00bbLato|700|||||||\u00a0\u00bb header_line_height=\u00a0\u00bb1.5em\u00a0\u00bb body_font=\u00a0\u00bbVerdana||||||||\u00a0\u00bb body_text_color=\u00a0\u00bb#444&Prime; body_font_size=\u00a0\u00bb14px\u00a0\u00bb custom_margin=\u00a0\u00bb||0px|||\u00a0\u00bb title__hover_enabled=\u00a0\u00bboff|desktop\u00a0\u00bb]<\/p>\n<ul>\n<li>Performance haut de gamme pour GUIDES TOURISTIQUES, INTERPR\u00c9TATION SIMULTAN\u00c9E PORTABLE ET \u00c9COUTE ASSIST\u00c9E dans les b\u00e2timents, les mus\u00e9es, les visites d\u2019usines, les salles d\u2019audience, les conf\u00e9rences, les salles de classe ou \u00e0 l\u2019ext\u00e9rieur<span> <\/span><\/li>\n<li>\u00c9coute assist\u00e9e ou interpr\u00e9tation linguistique pour HOUSES OF WORSHIP<span> <\/span><\/li>\n<li>Performances fiables et robustes avec traitement de SIGNAL NUM\u00c9RIQUE (DSP)<span> <\/span><\/li>\n<li>Simple et plus facile \u00e0 utiliser avec LES PRESETS \u00e0 ACC\u00c8S DIRECT et la TECHNOLOGIE SMART RECEIVER\u2122<span> <\/span><\/li>\n<li>Instant sur pr\u00eat \u00e0 l\u2019emploi sans programmation compliqu\u00e9e ou configuration<span> <\/span><\/li>\n<li>Bo\u00eetiers r\u00e9sistants \u00e0 l\u2019impact robustes avec des pinces de ceinture extr\u00eamement durables<span> <\/span><\/li>\n<li>Longue dur\u00e9e de vie prolong\u00e9e de la batterie avec jusqu\u2019\u00e0 48 heures continues de TEMPS D\u2019EX\u00c9CUTION STABLE<span> <\/span><\/li>\n<li>Port\u00e9e jusqu\u2019\u00e0 150ft\/45m portable, 1000ft \/300m \u00e9metteur autonome*<span> <\/span><\/li>\n<li>Stockage \u00e9tendu sans drain de batterie ou alimentation accidentelle sur<span> <\/span><\/li>\n<li>Bo\u00eetiers de transport robustes et imperm\u00e9ables ip-67 de qualit\u00e9 militaire durables avec beaucoup d\u2019espace de rangement suppl\u00e9mentaire<span> <\/span><\/li>\n<li>Enti\u00e8rement compatible avec des \u00e9metteurs ALS FM de haute puissance 72-76MHz de grande puissance suppl\u00e9mentaires pour une couverture \u00e0 grande surface<\/li>\n<li>LOGO S\u00c9RIGRAPHIE ET IMAGE DE MARQUE PROFESSIONNELLE PERSONNALIS\u00c9E DISPONIBLE<\/li>\n<\/ul>\n<p>[\/et_pb_blurb][et_pb_wc_price _builder_version=\u00a0\u00bb3.0.47&Prime;][\/et_pb_wc_price][\/et_pb_column][\/et_pb_row][\/et_pb_section][et_pb_section fb_built=\u00a0\u00bb1&Prime; _builder_version=\u00a0\u00bb4.7.1&Prime; _module_preset=\u00a0\u00bbdefault\u00a0\u00bb background_color=\u00a0\u00bb#252e78&Prime; custom_padding=\u00a0\u00bb0px||0px||true|\u00a0\u00bb locked=\u00a0\u00bboff\u00a0\u00bb][et_pb_row make_equal=\u00a0\u00bbon\u00a0\u00bb _builder_version=\u00a0\u00bb4.7.1&Prime; _module_preset=\u00a0\u00bbdefault\u00a0\u00bb width=\u00a0\u00bb90%\u00a0\u00bb max_width=\u00a0\u00bb90%\u00a0\u00bb module_alignment=\u00a0\u00bbcenter\u00a0\u00bb custom_padding=\u00a0\u00bb||50px|||\u00a0\u00bb][et_pb_column type=\u00a0\u00bb4_4&Prime; _builder_version=\u00a0\u00bb4.7.1&Prime; _module_preset=\u00a0\u00bbdefault\u00a0\u00bb][et_pb_text _builder_version=\u00a0\u00bb4.7.1&Prime; _module_preset=\u00a0\u00bbdefault\u00a0\u00bb header_4_font=\u00a0\u00bbLato||||||||\u00a0\u00bb header_4_text_color=\u00a0\u00bb#ffffff\u00a0\u00bb header_4_font_size=\u00a0\u00bb24px\u00a0\u00bb custom_margin=\u00a0\u00bb||0px||false|false\u00a0\u00bb custom_margin__hover_enabled=\u00a0\u00bbon|desktop\u00a0\u00bb]<\/p>\n<h4>LIVR\u00c9 AVEC:<\/h4>\n<p>[\/et_pb_text][et_pb_text _builder_version=\u00a0\u00bb4.7.1&Prime; _module_preset=\u00a0\u00bbdefault\u00a0\u00bb text_font=\u00a0\u00bbVerdana||||||||\u00a0\u00bb text_text_color=\u00a0\u00bb#ffffff\u00a0\u00bb text_font_size=\u00a0\u00bb14px\u00a0\u00bb text_line_height=\u00a0\u00bb20px\u00a0\u00bb]25- R\u00c9CEPTEURS NUM\u00c9RIQUES EXPRESS DSPT-FM1 6 CANAUX\u00ae, CASQUES DE HAUTE QUALIT\u00c9 25-DSPT-HP32 AVEC BOUCHONS PLAQU\u00c9S OR ET COUSSINS AUDITIFS CONFORTABLES \u00c0 LONGUE DUR\u00c9E DE VIE, \u00c9TUI DE TRANSPORT NANUK PERSONNALIS\u00c9 1-N940, MANUELS D\u2019UTILISATION ET \u00c9TIQUETTES RAPIDES DE CANAUX\/FR\u00c9QUENCES \u00c0 CONFIGURATION RAPIDE[\/et_pb_text][\/et_pb_column][\/et_pb_row][\/et_pb_section][et_pb_section fb_built=\u00a0\u00bb1&Prime; _builder_version=\u00a0\u00bb4.7.1&Prime; _module_preset=\u00a0\u00bbdefault\u00a0\u00bb locked=\u00a0\u00bboff\u00a0\u00bb][et_pb_row column_structure=\u00a0\u00bb1_3,2_3&Prime; _builder_version=\u00a0\u00bb4.7.1&Prime; _module_preset=\u00a0\u00bbdefault\u00a0\u00bb][et_pb_column type=\u00a0\u00bb1_3&Prime; _builder_version=\u00a0\u00bb4.7.1&Prime; _module_preset=\u00a0\u00bbdefault\u00a0\u00bb][et_pb_image src=\u00a0\u00bbhttps:\/\/dsptech.com\/wp-content\/uploads\/2021\/10\/nanuk-waterproof.jpg\u00a0\u00bb title_text=\u00a0\u00bbnanuk-imperm\u00e9able \u00e0 l\u2019eau\u00a0\u00bb _builder_version=\u00a0\u00bb4.7.1&Prime; _module_preset=\u00a0\u00bbdefault\u00a0\u00bb][\/et_pb_image][\/et_pb_column][et_pb_column type=\u00a0\u00bb2_3&Prime; _builder_version=\u00a0\u00bb4.7.1&Prime; _module_preset=\u00a0\u00bbdefault\u00a0\u00bb][et_pb_text _builder_version=\u00a0\u00bb4.7.1&Prime; _module_preset=\u00a0\u00bbdefault\u00a0\u00bb text_font=\u00a0\u00bbVerdana||||||||\u00a0\u00bb text_text_color=\u00a0\u00bb#444&Prime; text_font_size=\u00a0\u00bb14px\u00a0\u00bb]Tous nos \u00e9tuis de transport sont fabriqu\u00e9s sur mesure extr\u00eamement robuste et imperm\u00e9able \u00e0 l\u2019eau Nanuk 920, 940, 990 mod\u00e8les. Con\u00e7u pour survivre aux conditions les plus difficiles, m\u00eame dans le Grand Nord canadien.[\/et_pb_text][et_pb_text _builder_version=\u00a0\u00bb4.7.1&Prime; _module_preset=\u00a0\u00bbdefault\u00a0\u00bb header_5_font=\u00a0\u00bbLato||||||||\u00a0\u00bb header_5_text_color=\u00a0\u00bb#4396df\u00a0\u00bb header_5_font_size=\u00a0\u00bb18px\u00a0\u00bb]<\/p>\n<h5>fonctionnalit\u00e9s:<\/h5>\n<ul>\n<li>Syst\u00e8me de verrouillage PowerClaw<\/li>\n<li>Imperm\u00e9able \u00e0 l\u2019eau &#8211; IP67 \u00c9valu\u00e9<\/li>\n<li>R\u00e9sine NK-7 r\u00e9sistante \u00e0 l\u2019impact<\/li>\n<li>Cadenassable<\/li>\n<\/ul>\n<p>[\/et_pb_text][\/et_pb_column][\/et_pb_row][et_pb_row _builder_version=\u00a0\u00bb4.7.1&Prime; _module_preset=\u00a0\u00bbdefault\u00a0\u00bb][et_pb_column type=\u00a0\u00bb4_4&Prime; _builder_version=\u00a0\u00bb4.7.1&Prime; _module_preset=\u00a0\u00bbdefault\u00a0\u00bb][et_pb_text _builder_version=\u00a0\u00bb4.7.1&Prime; _module_preset=\u00a0\u00bbdefault\u00a0\u00bb text_font=\u00a0\u00bbVerdana|700|||||||\u00a0\u00bb text_text_color=\u00a0\u00bb#444444&Prime;]GARANTIE LIMIT\u00c9E EXPRESS DE 2 ANS SUR LES R\u00c9CEPTEURS, GARANTIE LIMIT\u00c9E \u00c0 VIE SUR LE BO\u00ceTIER DE TRANSPORT N-940, 90 JOURS SUR \u00c9COUTEURS ET CASQUES **[\/et_pb_text][\/et_pb_column][\/et_pb_row][\/et_pb_section][et_pb_section fb_built=\u00a0\u00bb1&Prime; _builder_version=\u00a0\u00bb4.7.1&Prime; _module_preset=\u00a0\u00bbdefault\u00a0\u00bb background_enable_color=\u00a0\u00bboff\u00a0\u00bb custom_padding=\u00a0\u00bb0px||||false|false\u00a0\u00bb locked=\u00a0\u00bboff\u00a0\u00bb][et_pb_row use_custom_gutter=\u00a0\u00bbon\u00a0\u00bb gutter_width=\u00a0\u00bb2&Prime; make_equal=\u00a0\u00bbon\u00a0\u00bb _builder_version=\u00a0\u00bb4.7.1&Prime; _module_preset=\u00a0\u00bbdefault\u00a0\u00bb width=\u00a0\u00bb85%\u00a0\u00bb max_width=\u00a0\u00bb1170px\u00a0\u00bb custom_padding=\u00a0\u00bb||0px|||\u00a0\u00bb locked=\u00a0\u00bboff\u00a0\u00bb][et_pb_column type=\u00a0\u00bb4_4&Prime; _builder_version=\u00a0\u00bb4.7.1&Prime; _module_preset=\u00a0\u00bbdefault\u00a0\u00bb custom_padding=\u00a0\u00bb||||false|false\u00a0\u00bb][et_pb_text _builder_version=\u00a0\u00bb4.7.1&Prime; _module_preset=\u00a0\u00bbdefault\u00a0\u00bb header_3_font=\u00a0\u00bb|600|||||||\u00a0\u00bb header_3_text_align=\u00a0\u00bbcenter\u00a0\u00bb header_3_font_size=\u00a0\u00bb32px\u00a0\u00bb]<\/p>\n<h3>T\u00c9MOIGNAGES DE CLIENTS<\/h3>\n<p>[\/et_pb_text][dica_divi_carousel show_items_desktop=\u00a0\u00bb1&Prime; show_items_tablet=\u00a0\u00bb1&Prime; multislide=\u00a0\u00bbon\u00a0\u00bb transition_duration=\u00a0\u00bb7000&Prime; loop=\u00a0\u00bbon\u00a0\u00bb autoplay=\u00a0\u00bbon\u00a0\u00bb hoverpause=\u00a0\u00bbon\u00a0\u00bb advanced_effect=\u00a0\u00bb1&Prime; arrow_nav_color=\u00a0\u00bb#ffffff\u00a0\u00bb arrow_bg_color=\u00a0\u00bb#1e73be\u00a0\u00bb arrow_position=\u00a0\u00bbmiddle-outside\u00a0\u00bb arrow_font_size=\u00a0\u00bb33px\u00a0\u00bb _builder_version=\u00a0\u00bb4.7.1&Prime; _module_preset=\u00a0\u00bbdefault\u00a0\u00bb custom_margin=\u00a0\u00bb||||false|false\u00a0\u00bb custom_padding=\u00a0\u00bb||||false|false\u00a0\u00bb][dica_divi_carouselitem title=\u00a0\u00bbTommy Palliser \u00a0\u00bb button_url_new_window=\u00a0\u00bb1&Prime; use_rating=\u00a0\u00bbon\u00a0\u00bb rating_alignment=\u00a0\u00bbcenter\u00a0\u00bb rating_icon_size=\u00a0\u00bb30px\u00a0\u00bb image_padding=\u00a0\u00bb20px||||false|true\u00a0\u00bb content_padding=\u00a0\u00bb24px|30px|24px|30px|false|true\u00a0\u00bb button_margin=\u00a0\u00bb||||false|false\u00a0\u00bb custom_margin=\u00a0\u00bb10px|0px|10px|0px|true|true\u00a0\u00bb _builder_version=\u00a0\u00bb4.7.1&Prime; _module_preset=\u00a0\u00bbdefault\u00a0\u00bb title_font=\u00a0\u00bbLato||||||||\u00a0\u00bb title_text_align=\u00a0\u00bbleft\u00a0\u00bb title_text_color=\u00a0\u00bb#000000&Prime; title_font_size=\u00a0\u00bb24px\u00a0\u00bb body_font=\u00a0\u00bbLato||||||||\u00a0\u00bb body_text_align=\u00a0\u00bbleft\u00a0\u00bb body_text_color=\u00a0\u00bb#000000&Prime; body_font_size=\u00a0\u00bb14px\u00a0\u00bb body_line_height=\u00a0\u00bb26px\u00a0\u00bb background_enable_color=\u00a0\u00bboff\u00a0\u00bb background_enable_image=\u00a0\u00bboff\u00a0\u00bb background_size=\u00a0\u00bbinitial\u00a0\u00bb]<\/p>\n<p>DSPTECH has been a huge help to me as a freelanceconference and court interpreter!<br \/> Vito helped me not only decide on a kit that works for me, but also helped me understand how to set up and It is hard to find quality products, but also quality service these days.<br \/> DSPTECH really goes above and beyond, providing good quality products and also good quality after care service<br \/> and also assists in setting up your equipment.<br \/> I really and honestly recommend DSPTECH for all your translation equipment and related technical needs.<br \/> Thank you DSPTECH!<\/p>\n<p>[\/dica_divi_carouselitem][dica_divi_carouselitem title=\u00a0\u00bbJoseph Blain \u00a0\u00bb button_url_new_window=\u00a0\u00bb1&Prime; use_rating=\u00a0\u00bbon\u00a0\u00bb rating_alignment=\u00a0\u00bbcenter\u00a0\u00bb rating_icon_size=\u00a0\u00bb30px\u00a0\u00bb image_padding=\u00a0\u00bb20px||||false|true\u00a0\u00bb content_padding=\u00a0\u00bb24px|30px|24px|30px|false|true\u00a0\u00bb button_margin=\u00a0\u00bb||||false|false\u00a0\u00bb custom_margin=\u00a0\u00bb10px|0px|10px|0px|true|true\u00a0\u00bb _builder_version=\u00a0\u00bb4.7.1&Prime; _module_preset=\u00a0\u00bbdefault\u00a0\u00bb title_font=\u00a0\u00bbLato||||||||\u00a0\u00bb title_text_align=\u00a0\u00bbleft\u00a0\u00bb title_text_color=\u00a0\u00bb#000000&Prime; title_font_size=\u00a0\u00bb24px\u00a0\u00bb body_font=\u00a0\u00bbLato||||||||\u00a0\u00bb body_text_align=\u00a0\u00bbleft\u00a0\u00bb body_text_color=\u00a0\u00bb#000000&Prime; body_font_size=\u00a0\u00bb14px\u00a0\u00bb body_line_height=\u00a0\u00bb26px\u00a0\u00bb background_enable_color=\u00a0\u00bboff\u00a0\u00bb background_enable_image=\u00a0\u00bboff\u00a0\u00bb background_size=\u00a0\u00bbinitial\u00a0\u00bb]<\/p>\n<p>We have a simultaneous interpretation company and we ask different suppliers to rent us reliable SI equipment. Mr. Ricci contacted us and we were delighted with his excellent advice and his knowledge of our specialized industry. When we learned that he is also extremely appreciated by some of the best simultaneous translation companies in Quebec and Canada like LMB, who is one of our most important clients, we were happy to do business with him. It&rsquo;s also reassuring to see that there is finally a Canadian manufacturer to support the simultaneous interpretation industry,<\/p>\n<p>[\/dica_divi_carouselitem][dica_divi_carouselitem title=\u00a0\u00bbDavid Pett \u00a0\u00bb button_url_new_window=\u00a0\u00bb1&Prime; use_rating=\u00a0\u00bbon\u00a0\u00bb rating_alignment=\u00a0\u00bbcenter\u00a0\u00bb rating_icon_size=\u00a0\u00bb30px\u00a0\u00bb image_padding=\u00a0\u00bb20px||||false|true\u00a0\u00bb content_padding=\u00a0\u00bb24px|30px|24px|30px|false|true\u00a0\u00bb button_margin=\u00a0\u00bb||||false|false\u00a0\u00bb custom_margin=\u00a0\u00bb10px|0px|10px|0px|true|true\u00a0\u00bb _builder_version=\u00a0\u00bb4.7.1&Prime; _module_preset=\u00a0\u00bbdefault\u00a0\u00bb title_font=\u00a0\u00bbLato||||||||\u00a0\u00bb title_text_align=\u00a0\u00bbleft\u00a0\u00bb title_text_color=\u00a0\u00bb#000000&Prime; title_font_size=\u00a0\u00bb24px\u00a0\u00bb body_font=\u00a0\u00bbLato||||||||\u00a0\u00bb body_text_align=\u00a0\u00bbleft\u00a0\u00bb body_text_color=\u00a0\u00bb#000000&Prime; body_font_size=\u00a0\u00bb14px\u00a0\u00bb body_line_height=\u00a0\u00bb26px\u00a0\u00bb background_enable_color=\u00a0\u00bboff\u00a0\u00bb background_enable_image=\u00a0\u00bboff\u00a0\u00bb background_size=\u00a0\u00bbinitial\u00a0\u00bb]<\/p>\n<p>DSPTECH has outfitted our church with a great FM system. Super quality anywhere in the auditorium (seats 350).<br \/> Customer service was great! Call backs and a demo of the product in the evening so our volunteer interpreter could be present.<br \/> Very accommodating. No hesitation in recommending this company.<\/p>\n<p>[\/dica_divi_carouselitem][\/dica_divi_carousel][\/et_pb_column][\/et_pb_row][\/et_pb_section]<\/p>\n","protected":false},"excerpt":{"rendered":"<p>ACHETER MAINTENANT LOUER MAINTENANT &lt; Performance haut de gamme pour GUIDES TOURISTIQUES, INTERPR\u00c9TATION SIMULTAN\u00c9E PORTABLE ET \u00c9COUTE ASSIST\u00c9E dans les b\u00e2timents, les mus\u00e9es, les visites d\u2019usines, les salles d\u2019audience, les conf\u00e9rences, les salles de classe ou \u00e0 l\u2019ext\u00e9rieur \u00c9coute assist\u00e9e ou interpr\u00e9tation linguistique pour HOUSES OF WORSHIP Performances fiables et robustes avec traitement de SIGNAL [&hellip;]<\/p>\n","protected":false},"featured_media":4001,"comment_status":"open","ping_status":"closed","template":"","meta":{"_et_pb_use_builder":"on","_et_pb_old_content":"","_et_gb_content_width":""},"product_brand":[],"product_cat":[68],"product_tag":[],"class_list":{"0":"post-4000","1":"product","2":"type-product","3":"status-publish","4":"has-post-thumbnail","6":"product_cat-systemes-dinterpretation-simultanee-25","8":"first","9":"instock","10":"shipping-taxable","11":"product-type-simple"},"yoast_head":"<!-- This site is optimized with the Yoast SEO plugin v27.3 - https:\/\/yoast.com\/product\/yoast-seo-wordpress\/ -->\n<title>25 R\u00e9cepteur Pro-Interpretation System\/ Kit d\u2019interpr\u00e8te portable - DSPTECH<\/title>\n<meta name=\"description\" content=\"ACHETER MAINTENANT LOUER MAINTENANT &lt; MOD\u00c8LE: DSPT-K25PT37 Performance haut de gamme pour GUIDES TOURISTIQUES, INTERPR\u00c9TATION SIMULTAN\u00c9E PORTABLE ET \u00c9COUTE ASSIST\u00c9E dans les b\u00e2timents, les mus\u00e9es, les visites d\u2019usines, les salles d\u2019audi\" \/>\n<meta name=\"robots\" content=\"index, follow, max-snippet:-1, max-image-preview:large, max-video-preview:-1\" \/>\n<link rel=\"canonical\" href=\"https:\/\/dsptech.com\/product\/25-receiver-pro-interpretation-system-portable-interpreter-kit\/\" \/>\n<meta property=\"og:locale\" content=\"fr_CA\" \/>\n<meta property=\"og:type\" content=\"article\" \/>\n<meta property=\"og:title\" content=\"25 R\u00e9cepteur Pro-Interpretation System\/ Kit d\u2019interpr\u00e8te portable - DSPTECH\" \/>\n<meta property=\"og:url\" content=\"https:\/\/dsptech.com\/product\/25-receiver-pro-interpretation-system-portable-interpreter-kit\/\" \/>\n<meta property=\"og:site_name\" content=\"DSPTECH\" \/>\n<meta property=\"article:modified_time\" content=\"2021-12-06T22:27:26+00:00\" \/>\n<meta property=\"og:image\" content=\"https:\/\/dsptech.com\/wp-content\/uploads\/2020\/12\/translation-equipments-and-kitsdspt-k25pt37.jpg\" \/>\n\t<meta property=\"og:image:width\" content=\"1500\" \/>\n\t<meta property=\"og:image:height\" content=\"1500\" \/>\n\t<meta property=\"og:image:type\" content=\"image\/jpeg\" \/>\n<meta name=\"twitter:card\" content=\"summary_large_image\" \/>\n<meta name=\"twitter:label1\" content=\"Estimation du temps de lecture\" \/>\n\t<meta name=\"twitter:data1\" content=\"8 minutes\" \/>\n<script type=\"application\/ld+json\" class=\"yoast-schema-graph\">{\"@context\":\"https:\\\/\\\/schema.org\",\"@graph\":[{\"@type\":\"WebPage\",\"@id\":\"https:\\\/\\\/dsptech.com\\\/product\\\/25-receiver-pro-interpretation-system-portable-interpreter-kit\\\/\",\"url\":\"https:\\\/\\\/dsptech.com\\\/product\\\/25-receiver-pro-interpretation-system-portable-interpreter-kit\\\/\",\"name\":\"25 R\u00e9cepteur Pro-Interpretation System\\\/ Kit d\u2019interpr\u00e8te portable - DSPTECH\",\"isPartOf\":{\"@id\":\"https:\\\/\\\/dsptech.com\\\/#website\"},\"primaryImageOfPage\":{\"@id\":\"https:\\\/\\\/dsptech.com\\\/product\\\/25-receiver-pro-interpretation-system-portable-interpreter-kit\\\/#primaryimage\"},\"image\":{\"@id\":\"https:\\\/\\\/dsptech.com\\\/product\\\/25-receiver-pro-interpretation-system-portable-interpreter-kit\\\/#primaryimage\"},\"thumbnailUrl\":\"https:\\\/\\\/dsptech.com\\\/wp-content\\\/uploads\\\/2020\\\/12\\\/translation-equipments-and-kitsdspt-k25pt37.jpg\",\"datePublished\":\"2021-12-06T22:27:24+00:00\",\"dateModified\":\"2021-12-06T22:27:26+00:00\",\"breadcrumb\":{\"@id\":\"https:\\\/\\\/dsptech.com\\\/product\\\/25-receiver-pro-interpretation-system-portable-interpreter-kit\\\/#breadcrumb\"},\"inLanguage\":\"fr-CA\",\"potentialAction\":[{\"@type\":\"ReadAction\",\"target\":[\"https:\\\/\\\/dsptech.com\\\/product\\\/25-receiver-pro-interpretation-system-portable-interpreter-kit\\\/\"]}]},{\"@type\":\"ImageObject\",\"inLanguage\":\"fr-CA\",\"@id\":\"https:\\\/\\\/dsptech.com\\\/product\\\/25-receiver-pro-interpretation-system-portable-interpreter-kit\\\/#primaryimage\",\"url\":\"https:\\\/\\\/dsptech.com\\\/wp-content\\\/uploads\\\/2020\\\/12\\\/translation-equipments-and-kitsdspt-k25pt37.jpg\",\"contentUrl\":\"https:\\\/\\\/dsptech.com\\\/wp-content\\\/uploads\\\/2020\\\/12\\\/translation-equipments-and-kitsdspt-k25pt37.jpg\",\"width\":1500,\"height\":1500},{\"@type\":\"BreadcrumbList\",\"@id\":\"https:\\\/\\\/dsptech.com\\\/product\\\/25-receiver-pro-interpretation-system-portable-interpreter-kit\\\/#breadcrumb\",\"itemListElement\":[{\"@type\":\"ListItem\",\"position\":1,\"name\":\"Home\",\"item\":\"https:\\\/\\\/dsptech.com\\\/\"},{\"@type\":\"ListItem\",\"position\":2,\"name\":\"Acheter maintenant\",\"item\":\"https:\\\/\\\/dsptech.com\\\/fr\\\/acheter-maintenant\\\/\"},{\"@type\":\"ListItem\",\"position\":3,\"name\":\"25 R\u00e9cepteur Pro-Interpretation System\\\/ Kit d\u2019interpr\u00e8te portable\"}]},{\"@type\":\"WebSite\",\"@id\":\"https:\\\/\\\/dsptech.com\\\/#website\",\"url\":\"https:\\\/\\\/dsptech.com\\\/\",\"name\":\"DSPTECH\",\"description\":\"Simultaneous Interpretations, Translation Equipment Systems\",\"potentialAction\":[{\"@type\":\"SearchAction\",\"target\":{\"@type\":\"EntryPoint\",\"urlTemplate\":\"https:\\\/\\\/dsptech.com\\\/?s={search_term_string}\"},\"query-input\":{\"@type\":\"PropertyValueSpecification\",\"valueRequired\":true,\"valueName\":\"search_term_string\"}}],\"inLanguage\":\"fr-CA\"}]}<\/script>\n<!-- \/ Yoast SEO plugin. -->","yoast_head_json":{"title":"25 R\u00e9cepteur Pro-Interpretation System\/ Kit d\u2019interpr\u00e8te portable - DSPTECH","description":"ACHETER MAINTENANT LOUER MAINTENANT &lt; MOD\u00c8LE: DSPT-K25PT37 Performance haut de gamme pour GUIDES TOURISTIQUES, INTERPR\u00c9TATION SIMULTAN\u00c9E PORTABLE ET \u00c9COUTE ASSIST\u00c9E dans les b\u00e2timents, les mus\u00e9es, les visites d\u2019usines, les salles d\u2019audi","robots":{"index":"index","follow":"follow","max-snippet":"max-snippet:-1","max-image-preview":"max-image-preview:large","max-video-preview":"max-video-preview:-1"},"canonical":"https:\/\/dsptech.com\/product\/25-receiver-pro-interpretation-system-portable-interpreter-kit\/","og_locale":"fr_CA","og_type":"article","og_title":"25 R\u00e9cepteur Pro-Interpretation System\/ Kit d\u2019interpr\u00e8te portable - DSPTECH","og_url":"https:\/\/dsptech.com\/product\/25-receiver-pro-interpretation-system-portable-interpreter-kit\/","og_site_name":"DSPTECH","article_modified_time":"2021-12-06T22:27:26+00:00","og_image":[{"width":1500,"height":1500,"url":"https:\/\/dsptech.com\/wp-content\/uploads\/2020\/12\/translation-equipments-and-kitsdspt-k25pt37.jpg","type":"image\/jpeg"}],"twitter_card":"summary_large_image","twitter_misc":{"Estimation du temps de lecture":"8 minutes"},"schema":{"@context":"https:\/\/schema.org","@graph":[{"@type":"WebPage","@id":"https:\/\/dsptech.com\/product\/25-receiver-pro-interpretation-system-portable-interpreter-kit\/","url":"https:\/\/dsptech.com\/product\/25-receiver-pro-interpretation-system-portable-interpreter-kit\/","name":"25 R\u00e9cepteur Pro-Interpretation System\/ Kit d\u2019interpr\u00e8te portable - DSPTECH","isPartOf":{"@id":"https:\/\/dsptech.com\/#website"},"primaryImageOfPage":{"@id":"https:\/\/dsptech.com\/product\/25-receiver-pro-interpretation-system-portable-interpreter-kit\/#primaryimage"},"image":{"@id":"https:\/\/dsptech.com\/product\/25-receiver-pro-interpretation-system-portable-interpreter-kit\/#primaryimage"},"thumbnailUrl":"https:\/\/dsptech.com\/wp-content\/uploads\/2020\/12\/translation-equipments-and-kitsdspt-k25pt37.jpg","datePublished":"2021-12-06T22:27:24+00:00","dateModified":"2021-12-06T22:27:26+00:00","breadcrumb":{"@id":"https:\/\/dsptech.com\/product\/25-receiver-pro-interpretation-system-portable-interpreter-kit\/#breadcrumb"},"inLanguage":"fr-CA","potentialAction":[{"@type":"ReadAction","target":["https:\/\/dsptech.com\/product\/25-receiver-pro-interpretation-system-portable-interpreter-kit\/"]}]},{"@type":"ImageObject","inLanguage":"fr-CA","@id":"https:\/\/dsptech.com\/product\/25-receiver-pro-interpretation-system-portable-interpreter-kit\/#primaryimage","url":"https:\/\/dsptech.com\/wp-content\/uploads\/2020\/12\/translation-equipments-and-kitsdspt-k25pt37.jpg","contentUrl":"https:\/\/dsptech.com\/wp-content\/uploads\/2020\/12\/translation-equipments-and-kitsdspt-k25pt37.jpg","width":1500,"height":1500},{"@type":"BreadcrumbList","@id":"https:\/\/dsptech.com\/product\/25-receiver-pro-interpretation-system-portable-interpreter-kit\/#breadcrumb","itemListElement":[{"@type":"ListItem","position":1,"name":"Home","item":"https:\/\/dsptech.com\/"},{"@type":"ListItem","position":2,"name":"Acheter maintenant","item":"https:\/\/dsptech.com\/fr\/acheter-maintenant\/"},{"@type":"ListItem","position":3,"name":"25 R\u00e9cepteur Pro-Interpretation System\/ Kit d\u2019interpr\u00e8te portable"}]},{"@type":"WebSite","@id":"https:\/\/dsptech.com\/#website","url":"https:\/\/dsptech.com\/","name":"DSPTECH","description":"Simultaneous Interpretations, Translation Equipment Systems","potentialAction":[{"@type":"SearchAction","target":{"@type":"EntryPoint","urlTemplate":"https:\/\/dsptech.com\/?s={search_term_string}"},"query-input":{"@type":"PropertyValueSpecification","valueRequired":true,"valueName":"search_term_string"}}],"inLanguage":"fr-CA"}]}},"_links":{"self":[{"href":"https:\/\/dsptech.com\/fr\/wp-json\/wp\/v2\/product\/4000","targetHints":{"allow":["GET"]}}],"collection":[{"href":"https:\/\/dsptech.com\/fr\/wp-json\/wp\/v2\/product"}],"about":[{"href":"https:\/\/dsptech.com\/fr\/wp-json\/wp\/v2\/types\/product"}],"replies":[{"embeddable":true,"href":"https:\/\/dsptech.com\/fr\/wp-json\/wp\/v2\/comments?post=4000"}],"wp:featuredmedia":[{"embeddable":true,"href":"https:\/\/dsptech.com\/fr\/wp-json\/wp\/v2\/media\/4001"}],"wp:attachment":[{"href":"https:\/\/dsptech.com\/fr\/wp-json\/wp\/v2\/media?parent=4000"}],"wp:term":[{"taxonomy":"product_brand","embeddable":true,"href":"https:\/\/dsptech.com\/fr\/wp-json\/wp\/v2\/product_brand?post=4000"},{"taxonomy":"product_cat","embeddable":true,"href":"https:\/\/dsptech.com\/fr\/wp-json\/wp\/v2\/product_cat?post=4000"},{"taxonomy":"product_tag","embeddable":true,"href":"https:\/\/dsptech.com\/fr\/wp-json\/wp\/v2\/product_tag?post=4000"}],"curies":[{"name":"wp","href":"https:\/\/api.w.org\/{rel}","templated":true}]}}